{"id":956,"date":"2019-04-01T17:24:40","date_gmt":"2019-04-01T17:24:40","guid":{"rendered":"http:\/\/tekzol.net\/?page_id=956"},"modified":"2019-04-30T16:53:13","modified_gmt":"2019-04-30T16:53:13","slug":"propuesta-de-valor","status":"publish","type":"page","link":"https:\/\/tekzol.net\/index.php\/propuesta-de-valor\/","title":{"rendered":"Propuesta de Valor"},"content":{"rendered":"<p><span class=\"cabecera\"><br \/>\nAditivos nutricionales puestos a prueba en condiciones locales en nuestras unidades experimentales.<\/span><\/p>\n<p><a href=\"http:\/\/tekzol.net\/wp-content\/uploads\/2019\/04\/papayal_2.jpg\"><img loading=\"lazy\" decoding=\"async\" class=\"wp-image-1199  alignleft\" src=\"http:\/\/tekzol.net\/wp-content\/uploads\/2019\/04\/papayal_2-300x300.jpg\" alt=\"\" width=\"242\" height=\"242\" srcset=\"https:\/\/tekzol.net\/wp-content\/uploads\/2019\/04\/papayal_2-300x300.jpg 300w, https:\/\/tekzol.net\/wp-content\/uploads\/2019\/04\/papayal_2-150x150.jpg 150w, https:\/\/tekzol.net\/wp-content\/uploads\/2019\/04\/papayal_2.jpg 500w\" sizes=\"auto, (max-width: 242px) 100vw, 242px\" \/><\/a>En Tekzol cada uno de nuestros productos han sido validados mediante ensayos de experimentaci\u00f3n en nuestros tres centros de investigaci\u00f3n, en condiciones ambientales locales y bajo los par\u00e1metros de producci\u00f3n que gu\u00edan la producci\u00f3n pecuaria en Colombia.<\/p>\n<p id=\"default\">Nos consideramos importadores diferenciados, ofrecemos a los productores de alimentos balanceados, as\u00ed como a los de prote\u00ednas de origen animal para consumo humano, aditivos naturales, producto de la investigaci\u00f3n, innovaci\u00f3n y desarrollo, de los cuales hemos verificado su rendimiento productivo y econ\u00f3mico.<\/p>\n","protected":false},"excerpt":{"rendered":"<p>Aditivos nutricionales puestos a prueba en condiciones locales en nuestras unidades experimentales. En Tekzol cada uno de nuestros productos han sido validados mediante ensayos de experimentaci\u00f3n en nuestros tres centros&#8230; <\/p>\n","protected":false},"author":1,"featured_media":1199,"parent":0,"menu_order":0,"comment_status":"closed","ping_status":"closed","template":"","meta":{"footnotes":""},"class_list":["post-956","page","type-page","status-publish","has-post-thumbnail","hentry"],"_links":{"self":[{"href":"https:\/\/tekzol.net\/index.php\/wp-json\/wp\/v2\/pages\/956","targetHints":{"allow":["GET"]}}],"collection":[{"href":"https:\/\/tekzol.net\/index.php\/wp-json\/wp\/v2\/pages"}],"about":[{"href":"https:\/\/tekzol.net\/index.php\/wp-json\/wp\/v2\/types\/page"}],"author":[{"embeddable":true,"href":"https:\/\/tekzol.net\/index.php\/wp-json\/wp\/v2\/users\/1"}],"replies":[{"embeddable":true,"href":"https:\/\/tekzol.net\/index.php\/wp-json\/wp\/v2\/comments?post=956"}],"version-history":[{"count":12,"href":"https:\/\/tekzol.net\/index.php\/wp-json\/wp\/v2\/pages\/956\/revisions"}],"predecessor-version":[{"id":1225,"href":"https:\/\/tekzol.net\/index.php\/wp-json\/wp\/v2\/pages\/956\/revisions\/1225"}],"wp:featuredmedia":[{"embeddable":true,"href":"https:\/\/tekzol.net\/index.php\/wp-json\/wp\/v2\/media\/1199"}],"wp:attachment":[{"href":"https:\/\/tekzol.net\/index.php\/wp-json\/wp\/v2\/media?parent=956"}],"curies":[{"name":"wp","href":"https:\/\/api.w.org\/{rel}","templated":true}]}}