{"id":616,"date":"2016-10-31T20:20:56","date_gmt":"2016-10-31T20:20:56","guid":{"rendered":"http:\/\/tekzol.net\/?page_id=616"},"modified":"2021-04-19T17:10:41","modified_gmt":"2021-04-19T17:10:41","slug":"lenerzyme","status":"publish","type":"page","link":"https:\/\/tekzol.net\/index.php\/lenerzyme\/","title":{"rendered":"Lenerzyme"},"content":{"rendered":"<p><span class=\"cabecera\">Descripci\u00f3n<\/span><\/p>\n<p id=\"line\"><span class=\"resaltado\">Lenerzyme<\/span> es la primera lipasa termo resistente para nutrici\u00f3n animal que ha sido validada por medio de la experimentaci\u00f3n animal en Colombia. Su objetivo es mejorar la digesti\u00f3n de las grasas y aceites que se usan en las dietas de los animales de producci\u00f3n, desde la matriz del alimento y facilitar su absorci\u00f3n desde el contenido intestinal. Pruebas experimentales en aves han demostrado que se puede reducir el costo de la dieta de pollos de engorde m\u00e1s del 3%, reformulaci\u00f3n la energ\u00eda de la dieta y a\u00f1adiendo <span class=\"resaltado\">Lenerzyme<\/span> a los alimentos.<\/p>\n<p><span class=\"cabecera\"><a href=\"http:\/\/tekzol.net\/wp-content\/uploads\/2021\/04\/concentracion_2.png\"><img loading=\"lazy\" decoding=\"async\" class=\"alignnone wp-image-1322\" src=\"http:\/\/tekzol.net\/wp-content\/uploads\/2021\/04\/concentracion_2.png\" alt=\"\" width=\"50\" height=\"50\" srcset=\"https:\/\/tekzol.net\/wp-content\/uploads\/2021\/04\/concentracion_2.png 181w, https:\/\/tekzol.net\/wp-content\/uploads\/2021\/04\/concentracion_2-150x150.png 150w\" sizes=\"auto, (max-width: 50px) 100vw, 50px\" \/><\/a>Concentraci\u00f3n<\/span><\/p>\n<p id=\"line\"><span class=\"resaltado\">Lenerzyme<\/span> est\u00e1 estandarizado a un m\u00ednimo de 20.000 unidades de lipasa por g.<\/p>\n<p><span class=\"cabecera\"><a href=\"http:\/\/tekzol.net\/wp-content\/uploads\/2021\/04\/definicion_2.png\"><img loading=\"lazy\" decoding=\"async\" class=\"alignnone wp-image-1323\" src=\"http:\/\/tekzol.net\/wp-content\/uploads\/2021\/04\/definicion_2.png\" alt=\"\" width=\"50\" height=\"50\" srcset=\"https:\/\/tekzol.net\/wp-content\/uploads\/2021\/04\/definicion_2.png 181w, https:\/\/tekzol.net\/wp-content\/uploads\/2021\/04\/definicion_2-150x150.png 150w\" sizes=\"auto, (max-width: 50px) 100vw, 50px\" \/><\/a>Definici\u00f3n de la Unidad Est\u00e1ndar<\/span><\/p>\n<p id=\"line\">Una unidad de actividad lipasa se define como la cantidad de enzima necesaria para producir un \u00b5mol de \u00e1cido graso en un minuto a partir de aceite de oliva, a 36\u00b0C de temperatura y pH de 9,4.<\/p>\n<p><span class=\"cabecera\"><a href=\"http:\/\/tekzol.net\/wp-content\/uploads\/2021\/04\/presentacion_2.png\"><img loading=\"lazy\" decoding=\"async\" class=\"alignnone wp-image-1332\" src=\"http:\/\/tekzol.net\/wp-content\/uploads\/2021\/04\/presentacion_2.png\" alt=\"\" width=\"50\" height=\"50\" srcset=\"https:\/\/tekzol.net\/wp-content\/uploads\/2021\/04\/presentacion_2.png 181w, https:\/\/tekzol.net\/wp-content\/uploads\/2021\/04\/presentacion_2-150x150.png 150w\" sizes=\"auto, (max-width: 50px) 100vw, 50px\" \/><\/a>Presentaci\u00f3n<\/span><\/p>\n<p id=\"line\">Polvo de color blanquecino. Es compatible con las premezclas e ingredientes para alimentos. No altera la fluidez de los alimentos concentrados o premezclas.<\/p>\n<p><span class=\"cabecera\"><a href=\"http:\/\/tekzol.net\/wp-content\/uploads\/2021\/04\/destino_23.png\"><img loading=\"lazy\" decoding=\"async\" class=\"alignnone wp-image-1326\" src=\"http:\/\/tekzol.net\/wp-content\/uploads\/2021\/04\/destino_23.png\" alt=\"\" width=\"50\" height=\"50\" srcset=\"https:\/\/tekzol.net\/wp-content\/uploads\/2021\/04\/destino_23.png 181w, https:\/\/tekzol.net\/wp-content\/uploads\/2021\/04\/destino_23-150x150.png 150w\" sizes=\"auto, (max-width: 50px) 100vw, 50px\" \/><\/a>Especie Destino<\/span><\/p>\n<p id=\"line\"><span class=\"resaltado\">Lenerzyme<\/span> se recomienda para los alimentos de avicultura y para alimentos de cerdos, particularmente lechones.<\/p>\n<p><span class=\"cabecera\"><a href=\"http:\/\/tekzol.net\/wp-content\/uploads\/2021\/04\/dosis_22.png\"><img loading=\"lazy\" decoding=\"async\" class=\"alignnone wp-image-1327\" src=\"http:\/\/tekzol.net\/wp-content\/uploads\/2021\/04\/dosis_22.png\" alt=\"\" width=\"50\" height=\"50\" srcset=\"https:\/\/tekzol.net\/wp-content\/uploads\/2021\/04\/dosis_22.png 181w, https:\/\/tekzol.net\/wp-content\/uploads\/2021\/04\/dosis_22-150x150.png 150w\" sizes=\"auto, (max-width: 50px) 100vw, 50px\" \/><\/a>Dosis<\/span><\/p>\n<p id=\"line\">De 100 a 150 g\/t, seg\u00fan la gesti\u00f3n de la energ\u00eda de la dieta que se desee hacer.<\/p>\n<p><span class=\"cabecera\"><a href=\"http:\/\/tekzol.net\/wp-content\/uploads\/2021\/04\/envase_2.png\"><img loading=\"lazy\" decoding=\"async\" class=\"alignnone wp-image-1328\" src=\"http:\/\/tekzol.net\/wp-content\/uploads\/2021\/04\/envase_2.png\" alt=\"\" width=\"50\" height=\"50\" srcset=\"https:\/\/tekzol.net\/wp-content\/uploads\/2021\/04\/envase_2.png 181w, https:\/\/tekzol.net\/wp-content\/uploads\/2021\/04\/envase_2-150x150.png 150w\" sizes=\"auto, (max-width: 50px) 100vw, 50px\" \/><\/a>Envase<\/span><\/p>\n<p id=\"line\">Bolsa con interior de polietileno y 25 kg de peso neto.<\/p>\n<p><span class=\"cabecera\"><a href=\"http:\/\/tekzol.net\/wp-content\/uploads\/2021\/04\/estabilidad_2.png\"><img loading=\"lazy\" decoding=\"async\" class=\"alignnone wp-image-1329\" src=\"http:\/\/tekzol.net\/wp-content\/uploads\/2021\/04\/estabilidad_2.png\" alt=\"\" width=\"50\" height=\"50\" srcset=\"https:\/\/tekzol.net\/wp-content\/uploads\/2021\/04\/estabilidad_2.png 181w, https:\/\/tekzol.net\/wp-content\/uploads\/2021\/04\/estabilidad_2-150x150.png 150w\" sizes=\"auto, (max-width: 50px) 100vw, 50px\" \/><\/a>Estabilidad<\/span><\/p>\n<p id=\"line\">12 meses en el envase original, cerrado y almacenado en un lugar fresco y seco.<\/p>\n<p>\u00a0<\/p>\n<h2>Resultados de Pruebas <i>In Vivo<\/i><\/h2>\n<p><span class=\"cabecera\">Impacto Sobre Calidad de Grasa e H\u00edgado<\/span><\/p>\n<table style=\"width: 591px; border: 0px; height: auto;\">\n<tbody>\n<tr>\n<td style=\"width: 50%;\"><a href=\"http:\/\/tekzol.net\/wp-content\/uploads\/2016\/10\/higado-grasa-control.jpg\"><img decoding=\"async\" class=\"alignnone wp-image-625 size-medium\" src=\"http:\/\/tekzol.net\/wp-content\/uploads\/2016\/10\/higado-grasa-control-225x300.jpg\" alt=\"\" width=\"300\" height=\"auto\" srcset=\"https:\/\/tekzol.net\/wp-content\/uploads\/2016\/10\/higado-grasa-control-225x300.jpg 225w, https:\/\/tekzol.net\/wp-content\/uploads\/2016\/10\/higado-grasa-control.jpg 480w\" sizes=\"(max-width: 225px) 100vw, 225px\" \/><\/a><\/td>\n<td style=\"width: 50%;\"><a href=\"http:\/\/tekzol.net\/wp-content\/uploads\/2016\/10\/higado-grasa-lenerzyme.jpg\"><img decoding=\"async\" class=\"alignnone wp-image-626 size-medium\" src=\"http:\/\/tekzol.net\/wp-content\/uploads\/2016\/10\/higado-grasa-lenerzyme-225x300.jpg\" alt=\"\" width=\"300\" height=\"auto\" srcset=\"https:\/\/tekzol.net\/wp-content\/uploads\/2016\/10\/higado-grasa-lenerzyme-225x300.jpg 225w, https:\/\/tekzol.net\/wp-content\/uploads\/2016\/10\/higado-grasa-lenerzyme.jpg 480w\" sizes=\"(max-width: 225px) 100vw, 225px\" \/><\/a><\/td>\n<\/tr>\n<tr>\n<td style=\"width: 50%;\"><span class=\"piedefoto\">H\u00edgado y Grasa Control<br \/><\/span><\/td>\n<td style=\"width: 50%;\"><span class=\"piedefoto\">H\u00edgado y Grasa Lenerzyme<br \/><\/span><\/td>\n<\/tr>\n<\/tbody>\n<\/table>\n<p><span class=\"cabecera\">Evoluci\u00f3n Comparada del Peso Vivo<\/span><\/p>\n<table style=\"width: 591px; border: 0px; height: auto;\">\n<tbody>\n<tr>\n<td style=\"width: 50%;\"><a href=\"http:\/\/tekzol.net\/wp-content\/uploads\/2016\/10\/lenerzyme1.jpg\"><img loading=\"lazy\" decoding=\"async\" class=\"alignnone wp-image-627 size-medium\" src=\"http:\/\/tekzol.net\/wp-content\/uploads\/2016\/10\/lenerzyme1-300x219.jpg\" alt=\"\" width=\"300\" height=\"219\" srcset=\"https:\/\/tekzol.net\/wp-content\/uploads\/2016\/10\/lenerzyme1-300x219.jpg 300w, https:\/\/tekzol.net\/wp-content\/uploads\/2016\/10\/lenerzyme1-1024x746.jpg 1024w, https:\/\/tekzol.net\/wp-content\/uploads\/2016\/10\/lenerzyme1.jpg 1416w\" sizes=\"auto, (max-width: 300px) 100vw, 300px\" \/><\/a><\/td>\n<td style=\"width: 50%;\"><a href=\"http:\/\/tekzol.net\/wp-content\/uploads\/2016\/10\/lenerzyme2.jpg\"><img loading=\"lazy\" decoding=\"async\" class=\"alignnone wp-image-628 size-medium\" src=\"http:\/\/tekzol.net\/wp-content\/uploads\/2016\/10\/lenerzyme2-300x219.jpg\" alt=\"\" width=\"300\" height=\"219\" srcset=\"https:\/\/tekzol.net\/wp-content\/uploads\/2016\/10\/lenerzyme2-300x219.jpg 300w, https:\/\/tekzol.net\/wp-content\/uploads\/2016\/10\/lenerzyme2-1024x746.jpg 1024w, https:\/\/tekzol.net\/wp-content\/uploads\/2016\/10\/lenerzyme2.jpg 1416w\" sizes=\"auto, (max-width: 300px) 100vw, 300px\" \/><\/a><\/td>\n<\/tr>\n<tr>\n<td style=\"width: 50%;\"><span class=\"piedefoto\">Machos y hembras. Tres [3] dietas. Los controles ten\u00edan 75, 100 y 125 kcal\/kg menos<br \/><\/span><\/td>\n<td style=\"width: 50%;\"><span class=\"piedefoto\">Poblaci\u00f3n completa. Tres [3] dietas. Los controles ten\u00edan 75, 100 y 125 kcal\/kg menos<br \/><\/span><\/td>\n<\/tr>\n<\/tbody>\n<\/table>\n\n\n<p><\/p>\n","protected":false},"excerpt":{"rendered":"<p>Descripci\u00f3n Lenerzyme es la primera lipasa termo resistente para nutrici\u00f3n animal que ha sido validada por medio de la experimentaci\u00f3n animal en Colombia. Su objetivo es mejorar la digesti\u00f3n de&#8230; <\/p>\n","protected":false},"author":1,"featured_media":0,"parent":0,"menu_order":0,"comment_status":"closed","ping_status":"closed","template":"","meta":{"footnotes":""},"class_list":["post-616","page","type-page","status-publish","hentry"],"_links":{"self":[{"href":"https:\/\/tekzol.net\/index.php\/wp-json\/wp\/v2\/pages\/616","targetHints":{"allow":["GET"]}}],"collection":[{"href":"https:\/\/tekzol.net\/index.php\/wp-json\/wp\/v2\/pages"}],"about":[{"href":"https:\/\/tekzol.net\/index.php\/wp-json\/wp\/v2\/types\/page"}],"author":[{"embeddable":true,"href":"https:\/\/tekzol.net\/index.php\/wp-json\/wp\/v2\/users\/1"}],"replies":[{"embeddable":true,"href":"https:\/\/tekzol.net\/index.php\/wp-json\/wp\/v2\/comments?post=616"}],"version-history":[{"count":33,"href":"https:\/\/tekzol.net\/index.php\/wp-json\/wp\/v2\/pages\/616\/revisions"}],"predecessor-version":[{"id":1340,"href":"https:\/\/tekzol.net\/index.php\/wp-json\/wp\/v2\/pages\/616\/revisions\/1340"}],"wp:attachment":[{"href":"https:\/\/tekzol.net\/index.php\/wp-json\/wp\/v2\/media?parent=616"}],"curies":[{"name":"wp","href":"https:\/\/api.w.org\/{rel}","templated":true}]}}