{"id":59,"date":"2015-08-26T15:37:04","date_gmt":"2015-08-26T15:37:04","guid":{"rendered":"http:\/\/thegraphichub.com\/tekzol_wp\/?page_id=59"},"modified":"2019-04-05T15:30:05","modified_gmt":"2019-04-05T15:30:05","slug":"producto-c","status":"publish","type":"page","link":"https:\/\/tekzol.net\/index.php\/producto-c\/","title":{"rendered":"Microtech 5000"},"content":{"rendered":"<p><span class=\"cabecera\">Descripci\u00f3n<\/span><\/p>\n<p id=\"line\"><span class=\"resaltado\">Microtech 5000<\/span> es una 6-fitasa micro granulada termoestable muy eficaz, producida por fermentaci\u00f3n sumergida de una cepa de Pichia pastoris con el gen productor de E. coli de alto rendimiento. La adici\u00f3n de <span class=\"resaltado\">Microtech 5000<\/span> a las dietas de animales en producci\u00f3n permite sustituir directamente parte del f\u00f3sforo inorg\u00e1nico a\u00f1adido al alimento. <span class=\"resaltado\">Microtech 5000<\/span> es un producto tipificado, con excelente relaci\u00f3n costo-eficacia. No se degrada con las temperaturas de peletizaci\u00f3n.<\/p>\n<p><span class=\"cabecera\">Concentraci\u00f3n<\/span><\/p>\n<p id=\"line\"><span class=\"resaltado\">Microtech 5000<\/span> est\u00e1 estandarizado a una actividad enzim\u00e1tica m\u00ednima de 5.000 unidades de fitasa por g.<\/p>\n<p><span class=\"cabecera\">Presentaci\u00f3n<\/span><\/p>\n<p id=\"line\">Polvo microgranular fluido y libre de polvo, de color blanco-gris\u00e1ceo. Es compatible con las premezclas e ingredientes para alimentos. No altera la fluidez de los alimentos concentrados o premezclas.<\/p>\n<p><span class=\"cabecera\">Especie Destino<\/span><\/p>\n<p id=\"line\"><span class=\"resaltado\">Microtech 5000<\/span> se recomienda para los alimentos de avicultura (broilers y ponedoras) y para alimentos de cerdos.<\/p>\n<p><span class=\"cabecera\">Envase<\/span><\/p>\n<p id=\"line\">Saco multipared con 25 kg de peso neto.<\/p>\n<p><span class=\"cabecera\">Dosis y Usos Sugeridos<\/span><\/p>\n<table style=\"width: 100%; border: 0;\">\n<tbody>\n<tr>\n<td style=\"background-color: #c41230;\"><\/td>\n<td style=\"background-color: #c41230;\"><span class=\"titulo-cuadro\">Ponedora<\/span><\/td>\n<td style=\"background-color: #c41230;\"><span class=\"titulo-cuadro\">Pollo<br \/>\nInicio<\/span><\/td>\n<td style=\"background-color: #c41230;\"><span class=\"titulo-cuadro\">Pollo<br \/>\nLevante<\/span><\/td>\n<td style=\"background-color: #c41230;\"><span class=\"titulo-cuadro\">Pollo<br \/>\nFinalizaci\u00f3n<\/span><\/td>\n<td style=\"background-color: #c41230;\"><span class=\"titulo-cuadro\">Lech\u00f3n<\/span><\/td>\n<td style=\"background-color: #c41230;\"><span class=\"titulo-cuadro\">Cerdo<br \/>\nLevante<\/span><\/td>\n<td style=\"background-color: #c41230;\"><span class=\"titulo-cuadro\">Cerdo<br \/>\nFinalizaci\u00f3n<\/span><\/td>\n<\/tr>\n<tr>\n<td><span class=\"piedefoto\">Dosis, g\/t<\/span><\/td>\n<td style=\"text-align: center;\"><span class=\"piedefoto\">60-80<\/span><\/td>\n<td style=\"text-align: center;\"><span class=\"piedefoto\">100<\/span><\/td>\n<td style=\"text-align: center;\"><span class=\"piedefoto\">100<\/span><\/td>\n<td style=\"text-align: center;\"><span class=\"piedefoto\">100<\/span><\/td>\n<td style=\"text-align: center;\"><span class=\"piedefoto\">100<\/span><\/td>\n<td style=\"text-align: center;\"><span class=\"piedefoto\">100<\/span><\/td>\n<td style=\"text-align: center;\"><span class=\"piedefoto\">100<\/span><\/td>\n<\/tr>\n<\/tbody>\n<\/table>\n<p id=\"line\">La adici\u00f3n de <span class=\"resaltado\">Microtech 5000<\/span> puede reemplazar entre el 30% y el 75% del fosfato bic\u00e1lcico usado en la formulaci\u00f3n de los alimentos. Es necesario a\u00f1adir una fuente de calcio suplementaria, como carbonato c\u00e1lcico, para mantener una relaci\u00f3n Ca:P adecuada al retirar el DCP.<\/p>\n<p><span class=\"cabecera\">Resistencia a la Peletizaci\u00f3n<\/span><\/p>\n<table style=\"width: 100%; border: 0px; height: 232px;\">\n<tbody>\n<tr>\n<td style=\"width: 50%;\"><a href=\"http:\/\/tekzol.net\/wp-content\/uploads\/2016\/10\/cuadro_barras.png\"><img loading=\"lazy\" decoding=\"async\" class=\"alignnone wp-image-558 size-medium\" src=\"http:\/\/tekzol.net\/wp-content\/uploads\/2016\/10\/cuadro_barras-300x212.png\" alt=\"\" width=\"300\" height=\"212\"><\/a><\/td>\n<td style=\"width: 50%;\">\n<p id=\"default\"><span class=\"resaltado\">Microtech 5000<\/span> resiste la temperatura de peletizaci\u00f3n. Numerosos ensayos a diferente temperatura demuestran que la actividad residual despu\u00e9s de peletizar es muy elevada, con un coeficiente de variaci\u00f3n reducido.<\/p>\n<p id=\"default\">Los resultados de estos ensayos garantizan que Microtech 5000 cumplir\u00e1 su funci\u00f3n, incluso en los alimentos que se procesan a alta temperatura para eliminar los microorganismos contaminantes.<\/p>\n<\/td>\n<\/tr>\n<\/tbody>\n<\/table>\n<p><span class=\"cabecera\">Fluido y Libre de Polvo<\/span><\/p>\n<table style=\"width: 100%; border: 0px; height: 232px;\">\n<tbody>\n<tr>\n<td style=\"width: 50%; border: 0;\"><a href=\"http:\/\/tekzol.net\/wp-content\/uploads\/2016\/10\/granos_blancos.jpg\"><img loading=\"lazy\" decoding=\"async\" class=\"alignnone wp-image-559 size-medium\" src=\"http:\/\/tekzol.net\/wp-content\/uploads\/2016\/10\/granos_blancos-300x232.jpg\" alt=\"\" width=\"300\" height=\"232\"><\/a><\/td>\n<td style=\"width: 50%; border: 0;\">\n<p id=\"default\"><span class=\"resaltado\">Microtech 5000<\/span> tiene una estructura granular completa, que no desprende polvo al ser vertido.<\/p>\n<p id=\"default\">Esta caracter\u00edstica favorece la dispersi\u00f3n de Microtech 5000 en el alimento y evita la creaci\u00f3n de nubes de polvo, lo que repercute en un mejor ambiente de trabajo y en la protecci\u00f3n de los operarios.<\/p>\n<\/td>\n<\/tr>\n<\/tbody>\n<\/table>\n","protected":false},"excerpt":{"rendered":"<p>Descripci\u00f3n Microtech 5000 es una 6-fitasa micro granulada termoestable muy eficaz, producida por fermentaci\u00f3n sumergida de una cepa de Pichia pastoris con el gen productor de E. coli de alto&#8230; <\/p>\n","protected":false},"author":1,"featured_media":0,"parent":0,"menu_order":0,"comment_status":"closed","ping_status":"closed","template":"","meta":{"footnotes":""},"class_list":["post-59","page","type-page","status-publish","hentry"],"_links":{"self":[{"href":"https:\/\/tekzol.net\/index.php\/wp-json\/wp\/v2\/pages\/59","targetHints":{"allow":["GET"]}}],"collection":[{"href":"https:\/\/tekzol.net\/index.php\/wp-json\/wp\/v2\/pages"}],"about":[{"href":"https:\/\/tekzol.net\/index.php\/wp-json\/wp\/v2\/types\/page"}],"author":[{"embeddable":true,"href":"https:\/\/tekzol.net\/index.php\/wp-json\/wp\/v2\/users\/1"}],"replies":[{"embeddable":true,"href":"https:\/\/tekzol.net\/index.php\/wp-json\/wp\/v2\/comments?post=59"}],"version-history":[{"count":63,"href":"https:\/\/tekzol.net\/index.php\/wp-json\/wp\/v2\/pages\/59\/revisions"}],"predecessor-version":[{"id":1099,"href":"https:\/\/tekzol.net\/index.php\/wp-json\/wp\/v2\/pages\/59\/revisions\/1099"}],"wp:attachment":[{"href":"https:\/\/tekzol.net\/index.php\/wp-json\/wp\/v2\/media?parent=59"}],"curies":[{"name":"wp","href":"https:\/\/api.w.org\/{rel}","templated":true}]}}