{"id":574,"date":"2016-10-31T17:17:59","date_gmt":"2016-10-31T17:17:59","guid":{"rendered":"http:\/\/tekzol.net\/?page_id=574"},"modified":"2017-06-09T19:02:05","modified_gmt":"2017-06-09T19:02:05","slug":"s-mananasa-vtr","status":"publish","type":"page","link":"https:\/\/tekzol.net\/index.php\/s-mananasa-vtr\/","title":{"rendered":"B-Mananasa VTR"},"content":{"rendered":"<p><span class=\"cabecera\">Descripci\u00f3n<\/span><\/p>\n<p id=\"line\"><span class=\"resaltado\">\u00df-Mananasa VTR<\/span> es una carbohidrasa granulada termoestable. Su aplicaci\u00f3n a las dietas permite degradar carbohidratos complejos (glucomananos) y evitar la interferencia con la digesti\u00f3n del alimento.<\/p>\n<p><span class=\"cabecera\">Usos<\/span><\/p>\n<p><img loading=\"lazy\" decoding=\"async\" class=\"alignnone size-full wp-image-584\" src=\"http:\/\/tekzol.net\/wp-content\/uploads\/2016\/10\/galactomanano_2.jpg\" alt=\"galactomanano_2\" width=\"200\" height=\"112\" \/><\/p>\n<p id=\"line\"><span class=\"resaltado\">\u00df-Mananasa VTR<\/span> degrada espec\u00edficamente los enlaces \u03b2-1,4 de los manan oligosac\u00e1ridos (MOS) de la torta de soya, liberando mol\u00e9culas de manosa. El az\u00facar se usa como fuente de energ\u00eda y, al mismo tiempo, se degrada la estructura del pol\u00edmero, lo que reduce la interferencia del mismo sobre la absorci\u00f3n de nutrientes en el tubo digestivo.<\/p>\n<p><span class=\"cabecera\">Concentraci\u00f3n<\/span><\/p>\n<p id=\"line\"><span class=\"resaltado\">\u00df Mananasa VTR<\/span> est\u00e1 estandarizado a un m\u00ednimo de 1.000 unidades de \u03b2-mananasa por g.<\/p>\n<p><span class=\"cabecera\">Definici\u00f3n de la Unidad Est\u00e1ndar<\/span><\/p>\n<p id=\"line\">Una unidad de actividad mananasa se define como la cantidad de enzima necesaria para descomponer los \u03b2-mananos de la goma de garrof\u00edn en 1 min y producir 1 \u03bcmol de manosa a 55\u00b0C de temperatura y a un pH de 4,8-5,0. La unidad se expresa en \u03bc mol\/min.<\/p>\n<p><span class=\"cabecera\">Presentaci\u00f3n<\/span><\/p>\n<p id=\"line\">Polvo fluido, de color blanquecino, compatible con las premezclas e ingredientes para alimentos. No altera la fluencia de los alimentos concentrados o premezclas.<\/p>\n<p><span class=\"cabecera\">Especie Destino<\/span><\/p>\n<p id=\"line\">Alimentos de avicultura (broilers y ponedoras) y para alimentos de cerdos.<\/p>\n<p><span class=\"cabecera\">Dosis<\/span><\/p>\n<p id=\"line\">130 a 200 g\/t, seg\u00fan la especie animal y la dieta. Cuando se usa en dietas de ma\u00edz y soya, se puede reducir la energ\u00eda metabolizable en 100 kcal\/kg.<\/p>\n<p><span class=\"cabecera\">Envase<\/span><\/p>\n<p id=\"line\">Bolsa de polipropileno laminado con interior de polietileno y 25 kg de peso neto.<\/p>\n<p><span class=\"cabecera\">Estabilidad<\/span><\/p>\n<p id=\"line\">12 meses en el envase original, cerrado y almacenado en un lugar fresco y seco.<\/p>\n<h2>Ensayos In Vitro e In Vivo<\/h2>\n<p><span class=\"cabecera\">Liberaci\u00f3n de az\u00facares reductores y Resistencia a la Temperatura<\/span><\/p>\n<table style=\"width: 591px; border: 0px; height: auto;\">\n<tbody>\n<tr>\n<td style=\"width: 50%;\"><a href=\"http:\/\/tekzol.net\/wp-content\/uploads\/2016\/10\/azucares_1.png\"><img loading=\"lazy\" decoding=\"async\" class=\"alignnone wp-image-583 size-medium\" src=\"http:\/\/tekzol.net\/wp-content\/uploads\/2016\/10\/azucares_1-300x250.png\" alt=\"\" width=\"300\" height=\"250\" \/><\/a><\/td>\n<td style=\"width: 50%;\"><a href=\"http:\/\/tekzol.net\/wp-content\/uploads\/2016\/10\/resistencia_3.png\"><img loading=\"lazy\" decoding=\"async\" class=\"alignnone wp-image-585 size-medium\" src=\"http:\/\/tekzol.net\/wp-content\/uploads\/2016\/10\/resistencia_3-300x297.png\" alt=\"\" width=\"300\" height=\"297\" srcset=\"https:\/\/tekzol.net\/wp-content\/uploads\/2016\/10\/resistencia_3.png 300w, https:\/\/tekzol.net\/wp-content\/uploads\/2016\/10\/resistencia_3-150x150.png 150w\" sizes=\"auto, (max-width: 300px) 100vw, 300px\" \/><\/a><\/td>\n<\/tr>\n<tr>\n<td style=\"width: 100%;\" colspan=\"2\"><span class=\"piedefoto\">La gr\u00e1fica de la izquierda muestra la din\u00e1mica de liberaci\u00f3n de az\u00facares a partir de gluco mananos en funci\u00f3n de la dosis y el tiempo. A la derecha, la resistencia a la temperatura de la mananasa. La p\u00e9rdida de actividad despu\u00e9s de 150 segundos a 85\u00b0C es de s\u00f3lo un 2% aproximadamente. La actividad se mantiene por encima del 90% durante m\u00e1s de 5 minutos a 85\u00b0C.<br \/>\n<\/span><\/td>\n<\/tr>\n<\/tbody>\n<\/table>\n<h2>Desempe\u00f1o Zoot\u00e9cnico en Granja Experimental<\/h2>\n<p><span class=\"cabecera\"> Ensayo in Vivo. Peso vivo semanal acumulado semanal por tratamiento<\/span><\/p>\n<table style=\"width: 100%; border: 0;\">\n<tbody>\n<tr>\n<td style=\"background-color: #c41230; text-align: left;\"><span class=\"titulo-cuadro\">Semana<\/span><\/td>\n<td style=\"background-color: #c41230; text-align: left;\"><span class=\"titulo-cuadro\">Control +<\/span><\/td>\n<td style=\"background-color: #c41230; text-align: lrft;\"><span class=\"titulo-cuadro\">Control &#8211;<br \/>\n(100 kcal menos)<\/span><\/td>\n<td style=\"background-color: #c41230; text-align: left;\"><span class=\"titulo-cuadro\">Control +<br \/>\ny mananasa<\/span><\/td>\n<td style=\"background-color: #c41230; text-align: left;\"><span class=\"titulo-cuadro\">Control &#8211;<br \/>\ny mananasa<\/span><\/td>\n<\/tr>\n<tr>\n<td style=\"text-align: left;\"><span class=\"piedefoto\">1<\/span><\/td>\n<td style=\"text-align: left;\"><span class=\"piedefoto\">205,5<\/span><\/td>\n<td style=\"text-align: left;\"><span class=\"piedefoto\">201,9<\/span><\/td>\n<td style=\"text-align: left;\"><span class=\"piedefoto\">204,0<\/span><\/td>\n<td style=\"text-align: left;\"><span class=\"piedefoto\">204,3<\/span><\/td>\n<\/tr>\n<tr>\n<td style=\"text-align: left;\"><span class=\"piedefoto\">2<\/span><\/td>\n<td style=\"text-align: left;\"><span class=\"piedefoto\">488,0<sup>ab<\/sup><\/span><\/td>\n<td style=\"text-align: left;\"><span class=\"piedefoto\">473,5<sup>b<\/sup><\/span><\/td>\n<td style=\"text-align: left;\"><span class=\"piedefoto\">492,0<sup>a<\/sup><\/span><\/td>\n<td style=\"text-align: left;\"><span class=\"piedefoto\">485,7<sup>ab<\/sup><\/span><\/td>\n<\/tr>\n<tr>\n<td style=\"text-align: left;\"><span class=\"piedefoto\">3<\/span><\/td>\n<td style=\"text-align: left;\"><span class=\"piedefoto\">891,0<sup>a<\/sup><\/span><\/td>\n<td style=\"text-align: left;\"><span class=\"piedefoto\">863,4<sup>b<\/sup><\/span><\/td>\n<td style=\"text-align: left;\"><span class=\"piedefoto\">904,0<sup>a<\/sup><\/span><\/td>\n<td style=\"text-align: left;\"><span class=\"piedefoto\">882,2<sup>ab<\/sup><\/span><\/td>\n<\/tr>\n<tr>\n<td style=\"text-align: left;\"><span class=\"piedefoto\">4<\/span><\/td>\n<td style=\"text-align: left;\"><span class=\"piedefoto\">1,475<\/span><\/td>\n<td style=\"text-align: left;\"><span class=\"piedefoto\">1,448<\/span><\/td>\n<td style=\"text-align: left;\"><span class=\"piedefoto\">1,485<\/span><\/td>\n<td style=\"text-align: left;\"><span class=\"piedefoto\">1,464<\/span><\/td>\n<\/tr>\n<tr>\n<td style=\"text-align: left;\"><span class=\"piedefoto\">5<\/span><\/td>\n<td style=\"text-align: left;\"><span class=\"piedefoto\">2,048<\/span><\/td>\n<td style=\"text-align: left;\"><span class=\"piedefoto\">1,998<\/span><\/td>\n<td style=\"text-align: left;\"><span class=\"piedefoto\">2,068<\/span><\/td>\n<td style=\"text-align: left;\"><span class=\"piedefoto\">2,061<\/span><\/td>\n<\/tr>\n<tr>\n<td style=\"text-align: left;\"><span class=\"piedefoto\">6<\/span><\/td>\n<td style=\"text-align: left;\"><span class=\"piedefoto\">2,649<sup>a<\/sup><\/span><\/td>\n<td style=\"text-align: left;\"><span class=\"piedefoto\">2,565<sup>b<\/sup><\/span><\/td>\n<td style=\"text-align: left;\"><span class=\"piedefoto\">2,689<sup>a<\/sup><\/span><\/td>\n<td style=\"text-align: left;\"><span class=\"piedefoto\">2,629<sup>ab<\/sup><\/span><\/td>\n<\/tr>\n<\/tbody>\n<\/table>\n<p><span class=\"cabecera\"><br \/>\nEnsayo in Vivo. \u00cdndice de conversi\u00f3n semanal por tratamiento<\/span><\/p>\n<table style=\"width: 100%; border: 0;\">\n<tbody>\n<tr>\n<td style=\"background-color: #c41230; text-align: left;\"><span class=\"titulo-cuadro\">Semana<\/span><\/td>\n<td style=\"background-color: #c41230; text-align: left;\"><span class=\"titulo-cuadro\">Control +<\/span><\/td>\n<td style=\"background-color: #c41230; text-align: lrft;\"><span class=\"titulo-cuadro\">Control &#8211;<br \/>\n(100 kcal menos)<\/span><\/td>\n<td style=\"background-color: #c41230; text-align: left;\"><span class=\"titulo-cuadro\">Control +<br \/>\ny mananasa<\/span><\/td>\n<td style=\"background-color: #c41230; text-align: left;\"><span class=\"titulo-cuadro\">Control &#8211;<br \/>\ny mananasa<\/span><\/td>\n<\/tr>\n<tr>\n<td style=\"text-align: left;\"><span class=\"piedefoto\">1<\/span><\/td>\n<td style=\"text-align: left;\"><span class=\"piedefoto\">0,983<\/span><\/td>\n<td style=\"text-align: left;\"><span class=\"piedefoto\">0,989<\/span><\/td>\n<td style=\"text-align: left;\"><span class=\"piedefoto\">0,975<\/span><\/td>\n<td style=\"text-align: left;\"><span class=\"piedefoto\">0,980<\/span><\/td>\n<\/tr>\n<tr>\n<td style=\"text-align: left;\"><span class=\"piedefoto\">2<\/span><\/td>\n<td style=\"text-align: left;\"><span class=\"piedefoto\">1,220<\/span><\/td>\n<td style=\"text-align: left;\"><span class=\"piedefoto\">1,241<\/span><\/td>\n<td style=\"text-align: left;\"><span class=\"piedefoto\">1,196<\/span><\/td>\n<td style=\"text-align: left;\"><span class=\"piedefoto\">1,232<\/span><\/td>\n<\/tr>\n<tr>\n<td style=\"text-align: left;\"><span class=\"piedefoto\">3<\/span><\/td>\n<td style=\"text-align: left;\"><span class=\"piedefoto\">1,354<sup>ab<\/sup><\/span><\/td>\n<td style=\"text-align: left;\"><span class=\"piedefoto\">1,403<sup>a<\/sup><\/span><\/td>\n<td style=\"text-align: left;\"><span class=\"piedefoto\">1,316<sup>b<\/sup><\/span><\/td>\n<td style=\"text-align: left;\"><span class=\"piedefoto\">1,371<sup>a<\/sup><\/span><\/td>\n<\/tr>\n<tr>\n<td style=\"text-align: left;\"><span class=\"piedefoto\">4<\/span><\/td>\n<td style=\"text-align: left;\"><span class=\"piedefoto\">1,401<sup>ab<\/sup><\/span><\/td>\n<td style=\"text-align: left;\"><span class=\"piedefoto\">1,444<sup>a<\/sup><\/span><\/td>\n<td style=\"text-align: left;\"><span class=\"piedefoto\">1,351<sup>b<\/sup><\/span><\/td>\n<td style=\"text-align: left;\"><span class=\"piedefoto\">1,405<sup>ab<\/sup><\/span><\/td>\n<\/tr>\n<tr>\n<td style=\"text-align: left;\"><span class=\"piedefoto\">5<\/span><\/td>\n<td style=\"text-align: left;\"><span class=\"piedefoto\">1,558<sup>ab<\/sup><\/span><\/td>\n<td style=\"text-align: left;\"><span class=\"piedefoto\">1,615<sup>a<\/sup><\/span><\/td>\n<td style=\"text-align: left;\"><span class=\"piedefoto\">1,508<sup>b<\/sup><\/span><\/td>\n<td style=\"text-align: left;\"><span class=\"piedefoto\">1,571<sup>ab<\/sup><\/span><\/td>\n<\/tr>\n<tr>\n<td style=\"text-align: left;\"><span class=\"piedefoto\">6<\/span><\/td>\n<td style=\"text-align: left;\"><span class=\"piedefoto\">1,671<sup>b<\/sup><sup>a<\/sup><\/span><\/td>\n<td style=\"text-align: left;\"><span class=\"piedefoto\">1,737<sup>a<\/sup><\/span><\/td>\n<td style=\"text-align: left;\"><span class=\"piedefoto\">1,642<sup>b<\/sup><\/span><\/td>\n<td style=\"text-align: left;\"><span class=\"piedefoto\">1,684<sup>ab<\/sup><\/span><\/td>\n<\/tr>\n<\/tbody>\n<\/table>\n<p><span class=\"piedefoto\">Valores con exponentes distintos son significativamente diferentes (p&lt;0.05)<\/span><\/p>\n","protected":false},"excerpt":{"rendered":"<p>Descripci\u00f3n \u00df-Mananasa VTR es una carbohidrasa granulada termoestable. Su aplicaci\u00f3n a las dietas permite degradar carbohidratos complejos (glucomananos) y evitar la interferencia con la digesti\u00f3n del alimento. Usos \u00df-Mananasa VTR&#8230; <\/p>\n","protected":false},"author":1,"featured_media":0,"parent":0,"menu_order":0,"comment_status":"closed","ping_status":"closed","template":"","meta":{"footnotes":""},"class_list":["post-574","page","type-page","status-publish","hentry"],"_links":{"self":[{"href":"https:\/\/tekzol.net\/index.php\/wp-json\/wp\/v2\/pages\/574","targetHints":{"allow":["GET"]}}],"collection":[{"href":"https:\/\/tekzol.net\/index.php\/wp-json\/wp\/v2\/pages"}],"about":[{"href":"https:\/\/tekzol.net\/index.php\/wp-json\/wp\/v2\/types\/page"}],"author":[{"embeddable":true,"href":"https:\/\/tekzol.net\/index.php\/wp-json\/wp\/v2\/users\/1"}],"replies":[{"embeddable":true,"href":"https:\/\/tekzol.net\/index.php\/wp-json\/wp\/v2\/comments?post=574"}],"version-history":[{"count":89,"href":"https:\/\/tekzol.net\/index.php\/wp-json\/wp\/v2\/pages\/574\/revisions"}],"predecessor-version":[{"id":1174,"href":"https:\/\/tekzol.net\/index.php\/wp-json\/wp\/v2\/pages\/574\/revisions\/1174"}],"wp:attachment":[{"href":"https:\/\/tekzol.net\/index.php\/wp-json\/wp\/v2\/media?parent=574"}],"curies":[{"name":"wp","href":"https:\/\/api.w.org\/{rel}","templated":true}]}}