{"id":55,"date":"2015-08-26T15:36:38","date_gmt":"2015-08-26T15:36:38","guid":{"rendered":"http:\/\/thegraphichub.com\/tekzol_wp\/?page_id=55"},"modified":"2017-08-18T15:19:33","modified_gmt":"2017-08-18T15:19:33","slug":"producto-a","status":"publish","type":"page","link":"https:\/\/tekzol.net\/index.php\/producto-a\/","title":{"rendered":"Unidades de Experimentaci\u00f3n"},"content":{"rendered":"<p><span class=\"cabecera\">Unidad de Experimentaci\u00f3n Av\u00edcola de Armero<\/span><\/p>\n<table style=\"width: 591px; border: 0px; height: auto;\">\n<tbody>\n<tr>\n<td style=\"width: 70%;\" valign=\"top\">\n<p id=\"default\">La Unidad de Experimentaci\u00f3n Av\u00edcola de Armero consta de un galp\u00f3n de 32 m de largo por 9 de ancho, con 32 corrales de 6,8 m<sup>2<\/sup> cada uno. El galp\u00f3n puede alojar hasta 2.600 aves si los experimentos se realizan a densidad de 12 aves \/m<sup>2<\/sup> y unas 1.800 a la densidad est\u00e1ndar de 8 pollos\/m<sup>2<\/sup>. El galp\u00f3n tiene ventilaci\u00f3n forzada y pulverizaci\u00f3n de agua para control de la temperatura interior, regulado por un controlador electr\u00f3nico. Asimismo est\u00e1 dotado de cortinas laterales.<\/p>\n<p id=\"default\">El n\u00famero de corrales permite aumentar las r\u00e9plicas en los tratamientos, o aumentar el n\u00famero de tratamientos con menos r\u00e9plicas, cuando se usa la t\u00e9cnica de marcaje y seguimiento individual de las aves.<\/p>\n<p id=\"default\">Adem\u00e1s de an\u00e1lisis de desempe\u00f1o zoot\u00e9cnico, a los ensayos que se realicen en Armero se les aplicar\u00e1n diversas t\u00e9cnicas aportadas por los Departamentos de la Universidad del Tolima, como an\u00e1lisis de poblaciones bacterianas, anatom\u00eda macrosc\u00f3pica y microsc\u00f3pica de \u00f3rganos diana, an\u00e1lisis de sangre o suero para determinaci\u00f3n de par\u00e1metros de inter\u00e9s. Todo ello con el objetivo de mejorar la cantidad y calidad de la investigaci\u00f3n que all\u00e1 se realice.<\/p>\n<\/td>\n<td style=\"width: 30%;\" align=\"right\" valign=\"top\"><a href=\"http:\/\/tekzol.net\/wp-content\/uploads\/2017\/06\/Unidad_Armero_1.png\"><img decoding=\"async\" class=\"alignnone size-medium wp-image-865\" src=\"http:\/\/tekzol.net\/wp-content\/uploads\/2017\/06\/Unidad_Armero_1-300x300.png\" alt=\"Unidad_Armero_1\" width=\"200\" height=\"auto\" srcset=\"https:\/\/tekzol.net\/wp-content\/uploads\/2017\/06\/Unidad_Armero_1-300x300.png 300w, https:\/\/tekzol.net\/wp-content\/uploads\/2017\/06\/Unidad_Armero_1-150x150.png 150w, https:\/\/tekzol.net\/wp-content\/uploads\/2017\/06\/Unidad_Armero_1.png 363w\" sizes=\"(max-width: 300px) 100vw, 300px\" \/><\/a><a href=\"http:\/\/tekzol.net\/wp-content\/uploads\/2017\/06\/Unidad_Armero_2.png\"><img decoding=\"async\" class=\"alignnone wp-image-866 size-medium\" src=\"http:\/\/tekzol.net\/wp-content\/uploads\/2017\/06\/Unidad_Armero_2-300x300.png\" alt=\"\" width=\"200\" height=\"auto\" srcset=\"https:\/\/tekzol.net\/wp-content\/uploads\/2017\/06\/Unidad_Armero_2-300x300.png 300w, https:\/\/tekzol.net\/wp-content\/uploads\/2017\/06\/Unidad_Armero_2-150x150.png 150w, https:\/\/tekzol.net\/wp-content\/uploads\/2017\/06\/Unidad_Armero_2.png 362w\" sizes=\"(max-width: 300px) 100vw, 300px\" \/><\/a><\/p>\n<p><a href=\"http:\/\/tekzol.net\/wp-content\/uploads\/2017\/06\/Unidad_Armero_3.png\"><img decoding=\"async\" class=\"alignnone wp-image-867 size-medium\" src=\"http:\/\/tekzol.net\/wp-content\/uploads\/2017\/06\/Unidad_Armero_3-300x300.png\" alt=\"\" width=\"200\" height=\"auto\" srcset=\"https:\/\/tekzol.net\/wp-content\/uploads\/2017\/06\/Unidad_Armero_3-300x300.png 300w, https:\/\/tekzol.net\/wp-content\/uploads\/2017\/06\/Unidad_Armero_3-150x150.png 150w, https:\/\/tekzol.net\/wp-content\/uploads\/2017\/06\/Unidad_Armero_3.png 362w\" sizes=\"(max-width: 300px) 100vw, 300px\" \/><\/a><\/p>\n<p><a href=\"http:\/\/tekzol.net\/wp-content\/uploads\/2017\/06\/Unidad_Armero_4.png\"><img decoding=\"async\" class=\"alignnone wp-image-868 size-medium\" src=\"http:\/\/tekzol.net\/wp-content\/uploads\/2017\/06\/Unidad_Armero_4-300x300.png\" alt=\"\" width=\"200\" height=\"auto\" srcset=\"https:\/\/tekzol.net\/wp-content\/uploads\/2017\/06\/Unidad_Armero_4-300x300.png 300w, https:\/\/tekzol.net\/wp-content\/uploads\/2017\/06\/Unidad_Armero_4-150x150.png 150w, https:\/\/tekzol.net\/wp-content\/uploads\/2017\/06\/Unidad_Armero_4.png 362w\" sizes=\"(max-width: 300px) 100vw, 300px\" \/><\/a><\/p>\n<p><a href=\"http:\/\/tekzol.net\/wp-content\/uploads\/2017\/06\/Unidad_Armero_5.png\"><img decoding=\"async\" class=\"alignnone wp-image-869 size-medium\" src=\"http:\/\/tekzol.net\/wp-content\/uploads\/2017\/06\/Unidad_Armero_5-300x300.png\" alt=\"\" width=\"200\" height=\"auto\" srcset=\"https:\/\/tekzol.net\/wp-content\/uploads\/2017\/06\/Unidad_Armero_5-300x300.png 300w, https:\/\/tekzol.net\/wp-content\/uploads\/2017\/06\/Unidad_Armero_5-150x150.png 150w, https:\/\/tekzol.net\/wp-content\/uploads\/2017\/06\/Unidad_Armero_5.png 363w\" sizes=\"(max-width: 300px) 100vw, 300px\" \/><\/a><\/p>\n<p><a href=\"http:\/\/tekzol.net\/wp-content\/uploads\/2017\/06\/Unidad_Armero_6.png\"><img decoding=\"async\" class=\"alignnone wp-image-870 size-medium\" src=\"http:\/\/tekzol.net\/wp-content\/uploads\/2017\/06\/Unidad_Armero_6-300x300.png\" alt=\"\" width=\"200\" height=\"auto\" srcset=\"https:\/\/tekzol.net\/wp-content\/uploads\/2017\/06\/Unidad_Armero_6-300x300.png 300w, https:\/\/tekzol.net\/wp-content\/uploads\/2017\/06\/Unidad_Armero_6-150x150.png 150w, https:\/\/tekzol.net\/wp-content\/uploads\/2017\/06\/Unidad_Armero_6.png 363w\" sizes=\"(max-width: 300px) 100vw, 300px\" \/><\/a><\/td>\n<\/tr>\n<\/tbody>\n<\/table>\n<p><span class=\"cabecera\">Unidad de Experimentaci\u00f3n Av\u00edcola de Palmira.<\/span><\/p>\n<table style=\"width: 591px; border: 0px; height: auto;\">\n<tbody>\n<tr>\n<td style=\"width: 70%;\" valign=\"top\">\n<p id=\"default\">La Unidad de Experimentaci\u00f3n Av\u00edcola de Palmira consta de un galp\u00f3n de 12 m de largo por 7 de ancho, con 16 corrales de 3 m<sup>2<\/sup> cada uno. El galp\u00f3n puede alojar hasta 576 aves si los experimentos se realizan a densidad de 12 aves \/m<sup>2<\/sup> o 384 aves a la densidad est\u00e1ndar de 8 pollos\/m<sup>2<\/sup>. El galp\u00f3n tiene ventilaci\u00f3n forzada para el control de la temperatura interior.<\/p>\n<p id=\"default\">En Palmira se marcan en el ala todos los animales en ensayo con etiquetas numeradas para seguimiento semanal del peso, lo que permite aumentar la granularidad del an\u00e1lisis estad\u00edstico, ya que cada animal es as\u00ed una unidad experimental.<\/p>\n<p id=\"default\">La Unidad dispone de una mezcladora en V para la preparaci\u00f3n de dietas de pre iniciaci\u00f3n y permitir reg\u00edmenes de alimentaci\u00f3n de tres etapas.<\/p>\n<p id=\"default\">Eventualmente, a los experimentos realizados en la Unidad de Palmira, se les aplicar\u00e1n tambi\u00e9n recursos t\u00e9cnicos generados por la UT para complementar los datos obtenidos ac\u00e1.<\/p>\n<\/td>\n<td style=\"width: 30%;\" align=\"right\" valign=\"top\"><a href=\"http:\/\/tekzol.net\/wp-content\/uploads\/2015\/08\/Palmira_1.png\"><img loading=\"lazy\" decoding=\"async\" class=\"alignnone wp-image-912 size-medium\" src=\"http:\/\/tekzol.net\/wp-content\/uploads\/2015\/08\/Palmira_1-300x300.png\" alt=\"\" width=\"300\" height=\"300\" srcset=\"https:\/\/tekzol.net\/wp-content\/uploads\/2015\/08\/Palmira_1-300x300.png 300w, https:\/\/tekzol.net\/wp-content\/uploads\/2015\/08\/Palmira_1-150x150.png 150w, https:\/\/tekzol.net\/wp-content\/uploads\/2015\/08\/Palmira_1.png 363w\" sizes=\"auto, (max-width: 300px) 100vw, 300px\" \/><\/a><a href=\"http:\/\/tekzol.net\/wp-content\/uploads\/2015\/08\/Palmira_2.png\"><img loading=\"lazy\" decoding=\"async\" class=\"alignnone wp-image-913 size-medium\" src=\"http:\/\/tekzol.net\/wp-content\/uploads\/2015\/08\/Palmira_2-300x300.png\" alt=\"\" width=\"300\" height=\"300\" srcset=\"https:\/\/tekzol.net\/wp-content\/uploads\/2015\/08\/Palmira_2-300x300.png 300w, https:\/\/tekzol.net\/wp-content\/uploads\/2015\/08\/Palmira_2-150x150.png 150w, https:\/\/tekzol.net\/wp-content\/uploads\/2015\/08\/Palmira_2.png 363w\" sizes=\"auto, (max-width: 300px) 100vw, 300px\" \/><\/a><\/p>\n<p><a href=\"http:\/\/tekzol.net\/wp-content\/uploads\/2015\/08\/crecimiento.png\"><img loading=\"lazy\" decoding=\"async\" class=\"alignnone wp-image-396 size-full\" src=\"http:\/\/tekzol.net\/wp-content\/uploads\/2015\/08\/crecimiento.png\" alt=\"\" width=\"223\" height=\"223\" srcset=\"https:\/\/tekzol.net\/wp-content\/uploads\/2015\/08\/crecimiento.png 223w, https:\/\/tekzol.net\/wp-content\/uploads\/2015\/08\/crecimiento-150x150.png 150w\" sizes=\"auto, (max-width: 223px) 100vw, 223px\" \/><\/a><\/p>\n<p><a href=\"http:\/\/tekzol.net\/wp-content\/uploads\/2015\/08\/Palmira_3.png\"><img loading=\"lazy\" decoding=\"async\" class=\"alignnone wp-image-914 size-medium\" src=\"http:\/\/tekzol.net\/wp-content\/uploads\/2015\/08\/Palmira_3-300x300.png\" alt=\"\" width=\"300\" height=\"300\" srcset=\"https:\/\/tekzol.net\/wp-content\/uploads\/2015\/08\/Palmira_3-300x300.png 300w, https:\/\/tekzol.net\/wp-content\/uploads\/2015\/08\/Palmira_3-150x150.png 150w, https:\/\/tekzol.net\/wp-content\/uploads\/2015\/08\/Palmira_3.png 363w\" sizes=\"auto, (max-width: 300px) 100vw, 300px\" \/><\/a><\/td>\n<\/tr>\n<\/tbody>\n<\/table>\n","protected":false},"excerpt":{"rendered":"<p>Unidad de Experimentaci\u00f3n Av\u00edcola de Armero La Unidad de Experimentaci\u00f3n Av\u00edcola de Armero consta de un galp\u00f3n de 32 m de largo por 9 de ancho, con 32 corrales de&#8230; <\/p>\n","protected":false},"author":1,"featured_media":0,"parent":0,"menu_order":0,"comment_status":"closed","ping_status":"closed","template":"","meta":{"footnotes":""},"class_list":["post-55","page","type-page","status-publish","hentry"],"_links":{"self":[{"href":"https:\/\/tekzol.net\/index.php\/wp-json\/wp\/v2\/pages\/55","targetHints":{"allow":["GET"]}}],"collection":[{"href":"https:\/\/tekzol.net\/index.php\/wp-json\/wp\/v2\/pages"}],"about":[{"href":"https:\/\/tekzol.net\/index.php\/wp-json\/wp\/v2\/types\/page"}],"author":[{"embeddable":true,"href":"https:\/\/tekzol.net\/index.php\/wp-json\/wp\/v2\/users\/1"}],"replies":[{"embeddable":true,"href":"https:\/\/tekzol.net\/index.php\/wp-json\/wp\/v2\/comments?post=55"}],"version-history":[{"count":80,"href":"https:\/\/tekzol.net\/index.php\/wp-json\/wp\/v2\/pages\/55\/revisions"}],"predecessor-version":[{"id":929,"href":"https:\/\/tekzol.net\/index.php\/wp-json\/wp\/v2\/pages\/55\/revisions\/929"}],"wp:attachment":[{"href":"https:\/\/tekzol.net\/index.php\/wp-json\/wp\/v2\/media?parent=55"}],"curies":[{"name":"wp","href":"https:\/\/api.w.org\/{rel}","templated":true}]}}