{"id":20,"date":"2015-08-20T20:22:25","date_gmt":"2015-08-20T20:22:25","guid":{"rendered":"http:\/\/thegraphichub.com\/tekzol_wp\/?page_id=20"},"modified":"2019-04-05T17:27:21","modified_gmt":"2019-04-05T17:27:21","slug":"nutricion-animal","status":"publish","type":"page","link":"https:\/\/tekzol.net\/index.php\/nutricion-animal\/","title":{"rendered":"Nutrici\u00f3n Animal"},"content":{"rendered":"<p id=\"default\">Cumpliendo con la filosof\u00eda de TEKZOL, los productos de nuestro portafolio han sido previamente validados en el Centro de Experimentaci\u00f3n. Los informes resultantes est\u00e1n a su disposici\u00f3n en la secci\u00f3n <a class=\"resaltado-red\" href=\"http:\/\/www.tekzol.net\/aplicaciones\/contacto.php\" target=\"_blank\" rel=\"noopener noreferrer\">Descargas. <\/a><\/p>\n<h2>Enzimas<\/h2>\n<ul>\n<b>Fitasa para Monog\u00e1stricos<\/b><\/p>\n<li><a class=\"resaltado\" href=\"producto-c\">Microtech 5000<\/a>. Fitasa de 3\u00aa generaci\u00f3n para dietas peletizadas.<\/li>\n<li><a class=\"resaltado\" href=\"microtech-5000-nt\">Microtech 5000 NT<\/a>. Fitasa de 3\u00aa generaci\u00f3n para dietas sin proceso t\u00e9rmico.<\/li>\n<li><a class=\"resaltado\" href=\"microtech-10-000\">Microtech 10000.<\/a> Fitasa termoresistente de alta concentraci\u00f3n.<\/li>\n<\/ul>\n<ul>\n<b>Fitasa para Acuacultura<\/b><\/p>\n<p><a class=\"resaltado\" href=\"\"><\/a><\/p>\n<li><a class=\"resaltado\" href=\"\"><\/a><a class=\"resaltado\" href=\"vtphos\">VTPhos<\/a>. Fitasa neutra para dietas de acuacultura.<\/li>\n<\/ul>\n<ul>\n<b>Mananasa<\/b><\/p>\n<li><a class=\"resaltado\" href=\"s-mananasa-vtr\">\u00df-Mananasa<\/a>. Carbohidrasa de \u00faltima generaci\u00f3n para dietas de avicultura y porcino.<\/li>\n<\/ul>\n<ul>\n<b>Lipasa<\/b><\/p>\n<li><a class=\"resaltado\" href=\"lenerzyme\">Lenerzyme<\/a>. Lipasa termoestable para nutrici\u00f3n animal validada en Colombia.<\/li>\n<\/ul>\n<h2>Emulgentes<\/h2>\n<ul>\n<b>Emulgentes<\/b><\/p>\n<li><a class=\"resaltado\" href=\"producto-d\">Lipidmate<\/a>. Emulgente de bajo nivel de inclusi\u00f3n para optimizar el uso de l\u00edpidos en las dietas.<\/li>\n<\/ul>\n","protected":false},"excerpt":{"rendered":"<p>Cumpliendo con la filosof\u00eda de TEKZOL, los productos de nuestro portafolio han sido previamente validados en el Centro de Experimentaci\u00f3n. Los informes resultantes est\u00e1n a su disposici\u00f3n en la secci\u00f3n&#8230; <\/p>\n","protected":false},"author":1,"featured_media":998,"parent":0,"menu_order":0,"comment_status":"closed","ping_status":"closed","template":"","meta":{"footnotes":""},"class_list":["post-20","page","type-page","status-publish","has-post-thumbnail","hentry"],"_links":{"self":[{"href":"https:\/\/tekzol.net\/index.php\/wp-json\/wp\/v2\/pages\/20","targetHints":{"allow":["GET"]}}],"collection":[{"href":"https:\/\/tekzol.net\/index.php\/wp-json\/wp\/v2\/pages"}],"about":[{"href":"https:\/\/tekzol.net\/index.php\/wp-json\/wp\/v2\/types\/page"}],"author":[{"embeddable":true,"href":"https:\/\/tekzol.net\/index.php\/wp-json\/wp\/v2\/users\/1"}],"replies":[{"embeddable":true,"href":"https:\/\/tekzol.net\/index.php\/wp-json\/wp\/v2\/comments?post=20"}],"version-history":[{"count":75,"href":"https:\/\/tekzol.net\/index.php\/wp-json\/wp\/v2\/pages\/20\/revisions"}],"predecessor-version":[{"id":1035,"href":"https:\/\/tekzol.net\/index.php\/wp-json\/wp\/v2\/pages\/20\/revisions\/1035"}],"wp:featuredmedia":[{"embeddable":true,"href":"https:\/\/tekzol.net\/index.php\/wp-json\/wp\/v2\/media\/998"}],"wp:attachment":[{"href":"https:\/\/tekzol.net\/index.php\/wp-json\/wp\/v2\/media?parent=20"}],"curies":[{"name":"wp","href":"https:\/\/api.w.org\/{rel}","templated":true}]}}