{"id":1877,"date":"2024-09-11T20:31:22","date_gmt":"2024-09-11T20:31:22","guid":{"rendered":"https:\/\/tekzol.net\/?page_id=1877"},"modified":"2024-09-11T23:37:29","modified_gmt":"2024-09-11T23:37:29","slug":"ventilacion-y-equipamiento","status":"publish","type":"page","link":"https:\/\/tekzol.net\/index.php\/ventilacion-y-equipamiento\/","title":{"rendered":"Ventilaci\u00f3n y Equipamiento"},"content":{"rendered":"<table align=\"center\">\n<tbody>\n<tr>\n<td>\n<h3>L\u00ednea completa para instalaciones av\u00edcolas y porcinas\ncon el respaldo de compa\u00f1\u00edas l\u00edderes a nivel mundial\ny ofreciendo el mejor servicio y soporte.<\/h3>\n<p><span class=\"cabecera\">\n<br>\n<a href=\"https:\/\/www.tekzol.net\/aplicaciones\/Documentos\/Tekzol\/Cat\u00e1logo_Ventilaci\u00f3n_Equipamiento_baja.pdf\">Descargar Cat\u00e1logo<\/a><\/span><\/p>\n<\/td>\n<\/tr>\n<tr>\n<td>\n<p><a href=\"http:\/\/tekzol.net\/wp-content\/uploads\/2024\/09\/Catalogo_Tekzol.png\"><img loading=\"lazy\" decoding=\"async\" class=\"alignnone  wp-image-1919\" src=\"http:\/\/tekzol.net\/wp-content\/uploads\/2024\/09\/Catalogo_Tekzol-234x300.png\" alt=\"\" width=\"286\" height=\"367\" srcset=\"https:\/\/tekzol.net\/wp-content\/uploads\/2024\/09\/Catalogo_Tekzol-234x300.png 234w, https:\/\/tekzol.net\/wp-content\/uploads\/2024\/09\/Catalogo_Tekzol-799x1024.png 799w, https:\/\/tekzol.net\/wp-content\/uploads\/2024\/09\/Catalogo_Tekzol-768x984.png 768w, https:\/\/tekzol.net\/wp-content\/uploads\/2024\/09\/Catalogo_Tekzol.png 885w\" sizes=\"auto, (max-width: 286px) 100vw, 286px\" \/><\/a><\/p>\n<\/td>\n<\/tr>\n<\/tbody>\n<\/table>\n\n\n<p><\/p>\n","protected":false},"excerpt":{"rendered":"<p>L\u00ednea completa para instalaciones av\u00edcolas y porcinas con el respaldo de compa\u00f1\u00edas l\u00edderes a nivel mundial y ofreciendo el mejor servicio y soporte. Descargar Cat\u00e1logo<\/p>\n","protected":false},"author":1,"featured_media":0,"parent":0,"menu_order":0,"comment_status":"closed","ping_status":"closed","template":"","meta":{"footnotes":""},"class_list":["post-1877","page","type-page","status-publish","hentry"],"_links":{"self":[{"href":"https:\/\/tekzol.net\/index.php\/wp-json\/wp\/v2\/pages\/1877","targetHints":{"allow":["GET"]}}],"collection":[{"href":"https:\/\/tekzol.net\/index.php\/wp-json\/wp\/v2\/pages"}],"about":[{"href":"https:\/\/tekzol.net\/index.php\/wp-json\/wp\/v2\/types\/page"}],"author":[{"embeddable":true,"href":"https:\/\/tekzol.net\/index.php\/wp-json\/wp\/v2\/users\/1"}],"replies":[{"embeddable":true,"href":"https:\/\/tekzol.net\/index.php\/wp-json\/wp\/v2\/comments?post=1877"}],"version-history":[{"count":36,"href":"https:\/\/tekzol.net\/index.php\/wp-json\/wp\/v2\/pages\/1877\/revisions"}],"predecessor-version":[{"id":1928,"href":"https:\/\/tekzol.net\/index.php\/wp-json\/wp\/v2\/pages\/1877\/revisions\/1928"}],"wp:attachment":[{"href":"https:\/\/tekzol.net\/index.php\/wp-json\/wp\/v2\/media?parent=1877"}],"curies":[{"name":"wp","href":"https:\/\/api.w.org\/{rel}","templated":true}]}}