{"id":1836,"date":"2024-09-11T17:36:06","date_gmt":"2024-09-11T17:36:06","guid":{"rendered":"https:\/\/tekzol.net\/?page_id=1836"},"modified":"2024-09-11T18:06:23","modified_gmt":"2024-09-11T18:06:23","slug":"mananasa","status":"publish","type":"page","link":"https:\/\/tekzol.net\/index.php\/mananasa\/","title":{"rendered":"Mananasa"},"content":{"rendered":"<p><span class=\"cabecera\">Descripci\u00f3n<\/span><\/p>\n<p id=\"line\"><span class=\"resaltado\">Mananasa<\/span> es una carbohidrasa granulada termoestable. Su aplicaci\u00f3n a las dietas permite degradar carbohidratos complejos (glucomananos) y evitar la interferencia con la digesti\u00f3n del alimento.<\/p>\n<p><span class=\"cabecera\"><a href=\"http:\/\/tekzol.net\/wp-content\/uploads\/2021\/04\/concentracion_2.png\"><img loading=\"lazy\" decoding=\"async\" class=\"alignnone wp-image-1322\" src=\"http:\/\/tekzol.net\/wp-content\/uploads\/2021\/04\/concentracion_2.png\" alt=\"\" width=\"50\" height=\"50\" srcset=\"https:\/\/tekzol.net\/wp-content\/uploads\/2021\/04\/concentracion_2.png 181w, https:\/\/tekzol.net\/wp-content\/uploads\/2021\/04\/concentracion_2-150x150.png 150w\" sizes=\"auto, (max-width: 50px) 100vw, 50px\" \/><\/a>Concentraci\u00f3n<\/span><\/p>\n<p id=\"line\"><span class=\"resaltado\">Mananasa VTR<\/span> est\u00e1 estandarizado a un m\u00ednimo de 1.000 unidades de \u03b2-mananasa por g.<\/p>\n<p><span class=\"cabecera\"><a href=\"http:\/\/tekzol.net\/wp-content\/uploads\/2021\/04\/definicion_2.png\"><img loading=\"lazy\" decoding=\"async\" class=\"alignnone wp-image-1323\" src=\"http:\/\/tekzol.net\/wp-content\/uploads\/2021\/04\/definicion_2.png\" alt=\"\" width=\"50\" height=\"50\" srcset=\"https:\/\/tekzol.net\/wp-content\/uploads\/2021\/04\/definicion_2.png 181w, https:\/\/tekzol.net\/wp-content\/uploads\/2021\/04\/definicion_2-150x150.png 150w\" sizes=\"auto, (max-width: 50px) 100vw, 50px\" \/><\/a>Definici\u00f3n de la Unidad Est\u00e1ndar<\/span><\/p>\n<p id=\"line\">Una unidad de actividad mananasa se define como la cantidad de enzima necesaria para descomponer los \u03b2-mananos de la goma de garrof\u00edn en 1 min y producir 1 \u03bc mol de manosa a 55\u2103 de temperatura y a un pH de 4,8-5,0. La unidad se expresa en \u03bc mol\/min.<\/p>\n<p><span class=\"cabecera\"><a href=\"http:\/\/tekzol.net\/wp-content\/uploads\/2021\/04\/presentacion_2.png\"><img loading=\"lazy\" decoding=\"async\" class=\"alignnone wp-image-1332\" src=\"http:\/\/tekzol.net\/wp-content\/uploads\/2021\/04\/presentacion_2.png\" alt=\"\" width=\"50\" height=\"50\" srcset=\"https:\/\/tekzol.net\/wp-content\/uploads\/2021\/04\/presentacion_2.png 181w, https:\/\/tekzol.net\/wp-content\/uploads\/2021\/04\/presentacion_2-150x150.png 150w\" sizes=\"auto, (max-width: 50px) 100vw, 50px\" \/><\/a>Presentaci\u00f3n<\/span><\/p>\n<p id=\"line\">Polvo fluido, de color blanquecino, compatible con las premezclas e ingredientes para alimentos. No altera la fluencia de los alimentos concentrados o premezclas.<\/p>\n<p><span class=\"cabecera\"><a href=\"http:\/\/tekzol.net\/wp-content\/uploads\/2021\/04\/destino_23.png\"><img loading=\"lazy\" decoding=\"async\" class=\"alignnone wp-image-1326\" src=\"http:\/\/tekzol.net\/wp-content\/uploads\/2021\/04\/destino_23.png\" alt=\"\" width=\"50\" height=\"50\" srcset=\"https:\/\/tekzol.net\/wp-content\/uploads\/2021\/04\/destino_23.png 181w, https:\/\/tekzol.net\/wp-content\/uploads\/2021\/04\/destino_23-150x150.png 150w\" sizes=\"auto, (max-width: 50px) 100vw, 50px\" \/><\/a>Especie Destino<\/span><\/p>\n<p id=\"line\"><span class=\"resaltado\">Mananasa<\/span> se recomienda para los alimentos de avicultura y para alimentos de cerdos, particularmente lechones.<\/p>\n<p><span class=\"cabecera\"><a href=\"http:\/\/tekzol.net\/wp-content\/uploads\/2021\/04\/dosis_22.png\"><img loading=\"lazy\" decoding=\"async\" class=\"alignnone wp-image-1327\" src=\"http:\/\/tekzol.net\/wp-content\/uploads\/2021\/04\/dosis_22.png\" alt=\"\" width=\"50\" height=\"50\" srcset=\"https:\/\/tekzol.net\/wp-content\/uploads\/2021\/04\/dosis_22.png 181w, https:\/\/tekzol.net\/wp-content\/uploads\/2021\/04\/dosis_22-150x150.png 150w\" sizes=\"auto, (max-width: 50px) 100vw, 50px\" \/><\/a>Dosis<\/span><\/p>\n<p id=\"line\">130 a 200 g\/t, seg\u00fan la especie animal y la dieta.<\/p>\n<p><span class=\"cabecera\"><a href=\"http:\/\/tekzol.net\/wp-content\/uploads\/2021\/04\/envase_2.png\"><img loading=\"lazy\" decoding=\"async\" class=\"alignnone wp-image-1328\" src=\"http:\/\/tekzol.net\/wp-content\/uploads\/2021\/04\/envase_2.png\" alt=\"\" width=\"50\" height=\"50\" srcset=\"https:\/\/tekzol.net\/wp-content\/uploads\/2021\/04\/envase_2.png 181w, https:\/\/tekzol.net\/wp-content\/uploads\/2021\/04\/envase_2-150x150.png 150w\" sizes=\"auto, (max-width: 50px) 100vw, 50px\" \/><\/a>Envase<\/span><\/p>\n<p id=\"line\">Bolsa de polipropileno laminado con interior de polietileno<br \/>y 25 kg de peso neto.<\/p>\n<p><span class=\"cabecera\"><a href=\"http:\/\/tekzol.net\/wp-content\/uploads\/2021\/04\/estabilidad_2.png\"><img loading=\"lazy\" decoding=\"async\" class=\"alignnone wp-image-1329\" src=\"http:\/\/tekzol.net\/wp-content\/uploads\/2021\/04\/estabilidad_2.png\" alt=\"\" width=\"50\" height=\"50\" srcset=\"https:\/\/tekzol.net\/wp-content\/uploads\/2021\/04\/estabilidad_2.png 181w, https:\/\/tekzol.net\/wp-content\/uploads\/2021\/04\/estabilidad_2-150x150.png 150w\" sizes=\"auto, (max-width: 50px) 100vw, 50px\" \/><\/a>Estabilidad<\/span><\/p>\n<p id=\"line\">12 meses en el envase original, cerrado y almacenado en un lugar fresco y seco.<\/p>\n<h2>Resultados de Pruebas <i>In Vivo<\/i><\/h2>\n<p><span class=\"cabecera\">Resistencia al tiempo y la temperatura<\/span><\/p>\n<table style=\"width: 591px; border: 0px; height: auto;\">\n<tbody>\n<tr>\n<td style=\"width: 50%; vertical-align:top\"><a href=\"http:\/\/tekzol.net\/wp-content\/uploads\/2024\/09\/Temperatura.png\"><img loading=\"lazy\" decoding=\"async\" class=\"alignnone  wp-image-1849\" src=\"http:\/\/tekzol.net\/wp-content\/uploads\/2024\/09\/Temperatura.png\" alt=\"\" width=\"286\" height=\"171\" \/><\/a><\/td>\n<td style=\"width: 50%;\"><a href=\"http:\/\/tekzol.net\/wp-content\/uploads\/2024\/09\/Temperatura-min.png\"><img loading=\"lazy\" decoding=\"async\" class=\"alignnone  wp-image-1848\" src=\"http:\/\/tekzol.net\/wp-content\/uploads\/2024\/09\/Temperatura-min.png\" alt=\"\" width=\"295\" height=\"171\" \/><\/a><\/td>\n<\/tr>\n<tr>\n<td style=\"width: 50%; vertical-align:top\"><span style=\"font-family: inherit; font-size: inherit;\"><span style=\"font-family: inherit; font-size: inherit;\">Resistencia de muestras de \u03b2-mananasa VTR rehumectadas al 17% cuando se les somete a tres temperaturas (70\u00baC, 85\u00baC y 90\u00baC) durante 10&#8242;.<\/span><\/span><\/td>\n<td style=\"width: 50%; vertical-align:top\">Evoluci\u00f3n de la actividad de <span style=\"font-family: inherit; font-size: inherit;\">\u03b2-mananasa <\/span><span style=\"font-family: inherit; font-size: inherit;\">VTR rehumectada al 17% cuando <\/span><span style=\"font-family: inherit; font-size: inherit;\">se le somete a 85\u00baC durante 10\u2019.<\/span><\/td>\n<\/tr>\n<\/tbody>\n<\/table>\n<p><!--more--><\/p>\n<p><span class=\"cabecera\">Evoluci\u00f3n Comparada del Peso Vivo<\/span><\/p>\n<table style=\"width: 588px; border: 0px; height: 376px;\">\n<tbody>\n<tr>\n<td style=\"width: 50%;\"><a href=\"http:\/\/tekzol.net\/wp-content\/uploads\/2024\/09\/Peso-vivo.png\"><img loading=\"lazy\" decoding=\"async\" class=\"alignnone  wp-image-1847\" src=\"http:\/\/tekzol.net\/wp-content\/uploads\/2024\/09\/Peso-vivo.png\" alt=\"\" width=\"290\" height=\"132\" \/><\/a><\/td>\n<td style=\"width: 50%;\"><a href=\"http:\/\/tekzol.net\/wp-content\/uploads\/2024\/09\/IC.png\"><img loading=\"lazy\" decoding=\"async\" class=\"alignnone  wp-image-1846\" src=\"http:\/\/tekzol.net\/wp-content\/uploads\/2024\/09\/IC.png\" alt=\"\" width=\"280\" height=\"131\" \/><\/a><\/td>\n<\/tr>\n<tr>\n<td style=\"width: 50%; vertical-align:top\">\n<p>Las aves de la dieta BE tuvieron un peso vivo final significativamente inferior a los otros tres tratamientos.<\/p>\n<p>El peso de las aves en la dieta control con mananasa no fue significativamente mejor que el de las aves en la dieta control sin mananasa.<\/p>\n<\/td>\n<td style=\"width: 50%;\">\n<p valign=\"top\">El IC de las aves en la dieta control con mananasa on top fue significativamente mejor que el control sin mananasa. El peso de las aves en la dieta BE con mananasa fue id\u00e9ntico al de las aves control sin mananasa. La mananasa VTR a 130 g\/t compensa 100 kcal\/kg en dietas de pollos de engorde. La mananasa VTR a 130 g\/t mejora el IC de pollos de engorde alimentados con dietas ma\u00edz-soya.<\/p>\n<\/td>\n<\/tr>\n<\/tbody>\n<\/table>\n\n\n<p><\/p>\n","protected":false},"excerpt":{"rendered":"<p>Descripci\u00f3n Mananasa es una carbohidrasa granulada termoestable. Su aplicaci\u00f3n a las dietas permite degradar carbohidratos complejos (glucomananos) y evitar la interferencia con la digesti\u00f3n del alimento. Concentraci\u00f3n Mananasa VTR est\u00e1&#8230; <\/p>\n","protected":false},"author":1,"featured_media":0,"parent":0,"menu_order":0,"comment_status":"closed","ping_status":"closed","template":"","meta":{"footnotes":""},"class_list":["post-1836","page","type-page","status-publish","hentry"],"_links":{"self":[{"href":"https:\/\/tekzol.net\/index.php\/wp-json\/wp\/v2\/pages\/1836","targetHints":{"allow":["GET"]}}],"collection":[{"href":"https:\/\/tekzol.net\/index.php\/wp-json\/wp\/v2\/pages"}],"about":[{"href":"https:\/\/tekzol.net\/index.php\/wp-json\/wp\/v2\/types\/page"}],"author":[{"embeddable":true,"href":"https:\/\/tekzol.net\/index.php\/wp-json\/wp\/v2\/users\/1"}],"replies":[{"embeddable":true,"href":"https:\/\/tekzol.net\/index.php\/wp-json\/wp\/v2\/comments?post=1836"}],"version-history":[{"count":13,"href":"https:\/\/tekzol.net\/index.php\/wp-json\/wp\/v2\/pages\/1836\/revisions"}],"predecessor-version":[{"id":1859,"href":"https:\/\/tekzol.net\/index.php\/wp-json\/wp\/v2\/pages\/1836\/revisions\/1859"}],"wp:attachment":[{"href":"https:\/\/tekzol.net\/index.php\/wp-json\/wp\/v2\/media?parent=1836"}],"curies":[{"name":"wp","href":"https:\/\/api.w.org\/{rel}","templated":true}]}}