{"id":1706,"date":"2021-04-23T19:36:40","date_gmt":"2021-04-23T19:36:40","guid":{"rendered":"https:\/\/tekzol.net\/?page_id=1706"},"modified":"2021-04-23T23:46:56","modified_gmt":"2021-04-23T23:46:56","slug":"vt-pro","status":"publish","type":"page","link":"https:\/\/tekzol.net\/index.php\/vt-pro\/","title":{"rendered":"VTPro"},"content":{"rendered":"\n<p><span class=\"cabecera\">Descripci\u00f3n<\/span><\/p>\n\n\n\n<p><span class=\"resaltado\">VTPro X-3001<\/span> es una proteasa concentrada, granulada y termoestable, producida por combinaci\u00f3n de tecnolog\u00edas de fermentaci\u00f3n sumergida y de estado s\u00f3lido con Aspergillus niger. Su aplicaci\u00f3n a las dietas permite degradar la prote\u00edna en condiciones de acidez.<\/p>\n\n\n<hr>\n\n\n<p><span class=\"cabecera\">Usos generales<\/span><br><br><span class=\"resaltado\">VTPro X-3001<\/span> degrada la prote\u00edna de la dieta en condiciones \u00e1cidas, permitiendo reducir la proporci\u00f3n de prote\u00edna de alta calidad en las raciones o usar prote\u00ednas de menor valor biol\u00f3gico sin sacrificar el rendimiento de los animales y reduciendo el costo de las dietas.<\/p>\n\n\n<hr>\n\n\n<p><a href=\"http:\/\/tekzol.net\/wp-content\/uploads\/2021\/04\/definicion_2.png\"><img loading=\"lazy\" decoding=\"async\" class=\"alignnone wp-image-1322\" src=\"http:\/\/tekzol.net\/wp-content\/uploads\/2021\/04\/definicion_2.png\" alt=\"\" width=\"50\" height=\"50\"><\/a><span class=\"cabecera\">Definici\u00f3n de la Unidad Est\u00e1ndar<\/span><\/p>\n\n\n\n<p>Una unidad de actividad proteasa se define como la cantidad de enzima necesaria para producir 1 \u03bcmol de tirosina\/min, a 37\u2103 de temperatura y a un pH de 5,5. La unidad se expresa en \u03bc mol\/min.<\/p>\n\n\n<hr>\n\n\n<p><a href=\"http:\/\/tekzol.net\/wp-content\/uploads\/2021\/04\/presentacion_2.png\"><img loading=\"lazy\" decoding=\"async\" class=\"alignnone wp-image-1322\" src=\"http:\/\/tekzol.net\/wp-content\/uploads\/2021\/04\/presentacion_2.png\" alt=\"\" width=\"50\" height=\"50\"><\/a><span class=\"cabecera\">Presentaci\u00f3n<\/span><\/p>\n\n\n\n<p>Polvo fluido granulado, de color gris-amarillento, compatible con las premezclas e ingredientes para alimentos. No altera la fluencia de los alimentos concentrados o premezclas.<\/p>\n\n\n<hr>\n\n\n<p><a href=\"http:\/\/tekzol.net\/wp-content\/uploads\/2021\/04\/destino_22.png\"><img loading=\"lazy\" decoding=\"async\" class=\"alignnone wp-image-1322\" src=\"http:\/\/tekzol.net\/wp-content\/uploads\/2021\/04\/destino_22.png\" alt=\"\" width=\"50\" height=\"50\"><\/a><span class=\"cabecera\">Especie Destino<\/span><\/p>\n\n\n\n<p>Alimentos de avicultura (pollitos y pollos broiler, y ponedoras) y alimentos de lechones.<\/p>\n\n\n<hr>\n\n\n<p><a href=\"http:\/\/tekzol.net\/wp-content\/uploads\/2021\/04\/envase_2.png\"><img loading=\"lazy\" decoding=\"async\" class=\"alignnone wp-image-1322\" src=\"http:\/\/tekzol.net\/wp-content\/uploads\/2021\/04\/envase_2.png\" alt=\"\" width=\"50\" height=\"50\"><\/a><span class=\"cabecera\">Envase<\/span><\/p>\n\n\n\n<p>Bolsa de polipropileno laminado con interior de polietileno y 25 kg de peso neto.<\/p>\n\n\n<hr>\n\n\n<p><a href=\"http:\/\/tekzol.net\/wp-content\/uploads\/2021\/04\/estabilidad_2.png\"><img loading=\"lazy\" decoding=\"async\" class=\"alignnone wp-image-1322\" src=\"http:\/\/tekzol.net\/wp-content\/uploads\/2021\/04\/estabilidad_2.png\" alt=\"\" width=\"50\" height=\"50\"><\/a><span class=\"cabecera\">Estabilidad<\/span><\/p>\n\n\n\n<p>12 meses en el envase original, cerrado y almacenado en un lugar fresco y seco.<\/p>\n\n\n<hr>\n\n\n<p><a href=\"http:\/\/tekzol.net\/wp-content\/uploads\/2021\/04\/dosis_22.png\"><img loading=\"lazy\" decoding=\"async\" class=\"alignnone wp-image-1322\" src=\"http:\/\/tekzol.net\/wp-content\/uploads\/2021\/04\/dosis_22.png\" alt=\"\" width=\"50\" height=\"50\"><\/a><span class=\"cabecera\">Dosis Generales<\/span><\/p>\n\n\n\n<p>Usar 100 a 120 g\/t de alimento de broilers y 200 g\/t de alimento de lechones.<\/p>\n\n\n\n<p><h2>Propiedades y Especificaciones<\/h2><\/p>\n\n\n\n<p span class=\"cabecera\">Resistencia a la temperatura y a las premezclas<\/span><\/p>\n\n\n\n<div class=\"wp-block-columns is-layout-flex wp-container-core-columns-is-layout-9d6595d7 wp-block-columns-is-layout-flex\">\n<div class=\"wp-block-column is-layout-flow wp-block-column-is-layout-flow\">\n<figure class=\"wp-block-image size-large\"><a href=\"http:\/\/tekzol.net\/wp-content\/uploads\/2021\/04\/vtnpro_1.png\"><img loading=\"lazy\" decoding=\"async\" width=\"776\" height=\"649\" src=\"http:\/\/tekzol.net\/wp-content\/uploads\/2021\/04\/vtnpro_1.png\" alt=\"\" class=\"wp-image-1762\" srcset=\"https:\/\/tekzol.net\/wp-content\/uploads\/2021\/04\/vtnpro_1.png 776w, https:\/\/tekzol.net\/wp-content\/uploads\/2021\/04\/vtnpro_1-300x251.png 300w, https:\/\/tekzol.net\/wp-content\/uploads\/2021\/04\/vtnpro_1-768x642.png 768w\" sizes=\"auto, (max-width: 776px) 100vw, 776px\" \/><\/a><figcaption><p style=\"font-family: 'book antigua', palatino, serif; font-size: 0.9em; font-style: italic; line-height: 1.3em; text-align: left; color:black; font-weight:400\">Esta gr\u00e1fica  muestra la actividad residual cuando se coloca la enzima a diversas temperaturas durante 10 minutos. Incluso a 100\u00baC hay m\u00e1s del 80% de actividad residual, garantizando una elevada resistencia t\u00e9rmica.<\/p><\/figcaption><\/figure>\n<\/div>\n\n\n\n<div class=\"wp-block-column is-layout-flow wp-block-column-is-layout-flow\">\n<figure class=\"wp-block-image size-large is-resized\"><a href=\"http:\/\/tekzol.net\/wp-content\/uploads\/2021\/04\/vtnpro_2.png\"><img loading=\"lazy\" decoding=\"async\" src=\"http:\/\/tekzol.net\/wp-content\/uploads\/2021\/04\/vtnpro_2.png\" alt=\"\" class=\"wp-image-1763\" width=\"404\" height=\"337\" srcset=\"https:\/\/tekzol.net\/wp-content\/uploads\/2021\/04\/vtnpro_2.png 776w, https:\/\/tekzol.net\/wp-content\/uploads\/2021\/04\/vtnpro_2-300x251.png 300w, https:\/\/tekzol.net\/wp-content\/uploads\/2021\/04\/vtnpro_2-768x642.png 768w\" sizes=\"auto, (max-width: 404px) 100vw, 404px\" \/><\/a><figcaption><p style=\"font-family: 'book antigua', palatino, serif; font-size: 0.9em; font-style: italic; line-height: 1.3em; text-align: left; color:black; font-weight:400\">Gr\u00e1fico de actividad residual despu\u00e9s de varias semanas de inclusi\u00f3n en una premezcla vitam\u00ednico-mineral para alimentos animales. La actividad se mantiene por encima del 90% durante las 8 semanas de duraci\u00f3n del ensayo.<\/p><\/figcaption><\/figure>\n<\/div>\n<\/div>\n\n\n\n<figure class=\"wp-block-table\"><table><tbody><tr bgcolor=\"#c41230\"><td style=\"font-family: 'book antigua', palatino, serif; font-size: 0.9em; font-style: normal; line-height: 1.3em; text-align: center; color:white; font-weight:400\">Peso vivo acumulado semanal<\/td><td style=\"font-family: 'book antigua', palatino, serif; font-size: 0.9em; font-style: normal; line-height: 1.3em; text-align: center; color:white; font-weight:400\">Control<\/td><td style=\"font-family: 'book antigua', palatino, serif; font-size: 0.9em; font-style: normal; line-height: 1.3em; text-align: center; color:white; font-weight:400\">-3%AA<\/td><td style=\"font-family: 'book antigua', palatino, serif; font-size: 0.9em; font-style: normal; line-height: 1.3em; text-align: center; color:white; font-weight:400\">VTPro 100 ppm<\/td><\/tr><tr><td style=\"font-family: 'book antigua', palatino, serif; font-size: 0.9em; font-style: italic; line-height: 1.3em; text-align: center; color:black; font-weight:400\">1<\/td><td style=\"font-family: 'book antigua', palatino, serif; font-size: 0.9em; font-style: italic; line-height: 1.3em; text-align: center; color:black; font-weight:400\">175<\/td><td style=\"font-family: 'book antigua', palatino, serif; font-size: 0.9em; font-style: italic; line-height: 1.3em; text-align: center; color:black; font-weight:400\">165<\/td><td style=\"font-family: 'book antigua', palatino, serif; font-size: 0.9em; font-style: italic; line-height: 1.3em; text-align: center; color:black; font-weight:400\">173<\/td><\/tr><tr><td style=\"font-family: 'book antigua', palatino, serif; font-size: 0.9em; font-style: italic; line-height: 1.3em; text-align: center; color:black; font-weight:400\">2<\/td><td style=\"font-family: 'book antigua', palatino, serif; font-size: 0.9em; font-style: italic; line-height: 1.3em; text-align: center; color:black; font-weight:400\">424<\/td><td style=\"font-family: 'book antigua', palatino, serif; font-size: 0.9em; font-style: italic; line-height: 1.3em; text-align: center; color:black; font-weight:400\">404<\/td><td style=\"font-family: 'book antigua', palatino, serif; font-size: 0.9em; font-style: italic; line-height: 1.3em; text-align: center; color:black; font-weight:400\">431<\/td><\/tr><tr><td style=\"font-family: 'book antigua', palatino, serif; font-size: 0.9em; font-style: italic; line-height: 1.3em; text-align: center; color:black; font-weight:400\">3<\/td><td style=\"font-family: 'book antigua', palatino, serif; font-size: 0.9em; font-style: italic; line-height: 1.3em; text-align: center; color:black; font-weight:400\">900<\/td><td style=\"font-family: 'book antigua', palatino, serif; font-size: 0.9em; font-style: italic; line-height: 1.3em; text-align: center; color:black; font-weight:400\">860<\/td><td style=\"font-family: 'book antigua', palatino, serif; font-size: 0.9em; font-style: italic; line-height: 1.3em; text-align: center; color:black; font-weight:400\">908<\/td><\/tr><tr><td style=\"font-family: 'book antigua', palatino, serif; font-size: 0.9em; font-style: italic; line-height: 1.3em; text-align: center; color:black; font-weight:400\">4<\/td><td style=\"font-family: 'book antigua', palatino, serif; font-size: 0.9em; font-style: italic; line-height: 1.3em; text-align: center; color:black; font-weight:400\">1525<\/td><td style=\"font-family: 'book antigua', palatino, serif; font-size: 0.9em; font-style: italic; line-height: 1.3em; text-align: center; color:black; font-weight:400\">1463<\/td><td style=\"font-family: 'book antigua', palatino, serif; font-size: 0.9em; font-style: italic; line-height: 1.3em; text-align: center; color:black; font-weight:400\">1513<\/td><\/tr><tr><td style=\"font-family: 'book antigua', palatino, serif; font-size: 0.9em; font-style: italic; line-height: 1.3em; text-align: center; color:black; font-weight:400\">5<\/td><td style=\"font-family: 'book antigua', palatino, serif; font-size: 0.9em; font-style: italic; line-height: 1.3em; text-align: center; color:black; font-weight:400\">2184<\/td><td style=\"font-family: 'book antigua', palatino, serif; font-size: 0.9em; font-style: italic; line-height: 1.3em; text-align: center; color:black; font-weight:400\">2056<\/td><td style=\"font-family: 'book antigua', palatino, serif; font-size: 0.9em; font-style: italic; line-height: 1.3em; text-align: center; color:black; font-weight:400\">2196<\/td><\/tr><tr><td style=\"font-family: 'book antigua', palatino, serif; font-size: 0.9em; font-style: italic; line-height: 1.3em; text-align: center; color:black; font-weight:400\">6<\/td><td style=\"font-family: 'book antigua', palatino, serif; font-size: 0.9em; font-style: italic; line-height: 1.3em; text-align: center; color:black; font-weight:400\">2788<\/td><td style=\"font-family: 'book antigua', palatino, serif; font-size: 0.9em; font-style: italic; line-height: 1.3em; text-align: center; color:black; font-weight:400\">2630<\/td><td style=\"font-family: 'book antigua', palatino, serif; font-size: 0.9em; font-style: italic; line-height: 1.3em; text-align: center; color:black; font-weight:400\">2787<\/td><\/tr><\/tbody><\/table><\/figure>\n\n\n\n<figure class=\"wp-block-table\"><table><tbody><tr bgcolor=\"#c41230\"><td style=\"font-family: 'book antigua', palatino, serif; font-size: 0.9em; font-style: normal; line-height: 1.3em; text-align: center; color:white; font-weight:400\">Peso vivo acumulado semanal<\/td><td style=\"font-family: 'book antigua', palatino, serif; font-size: 0.9em; font-style: normal; line-height: 1.3em; text-align: center; color:white; font-weight:400\">Control<\/td><td style=\"font-family: 'book antigua', palatino, serif; font-size: 0.9em; font-style: normal; line-height: 1.3em; text-align: center; color:white; font-weight:400\">-3%AA<\/td><td style=\"font-family: 'book antigua', palatino, serif; font-size: 0.9em; font-style: normal; line-height: 1.3em; text-align: center; color:white; font-weight:400\">VTPro 100 ppm<\/td><\/tr><tr><td style=\"font-family: 'book antigua', palatino, serif; font-size: 0.9em; font-style: italic; line-height: 1.3em; text-align: center; color:black; font-weight:400\">1<\/td><td style=\"font-family: 'book antigua', palatino, serif; font-size: 0.9em; font-style: italic; line-height: 1.3em; text-align: center; color:black; font-weight:400\">150<\/td><td style=\"font-family: 'book antigua', palatino, serif; font-size: 0.9em; font-style: italic; line-height: 1.3em; text-align: center; color:black; font-weight:400\">154<\/td><td style=\"font-family: 'book antigua', palatino, serif; font-size: 0.9em; font-style: italic; line-height: 1.3em; text-align: center; color:black; font-weight:400\">150<\/td><\/tr><tr><td style=\"font-family: 'book antigua', palatino, serif; font-size: 0.9em; font-style: italic; line-height: 1.3em; text-align: center; color:black; font-weight:400\">2<\/td><td style=\"font-family: 'book antigua', palatino, serif; font-size: 0.9em; font-style: italic; line-height: 1.3em; text-align: center; color:black; font-weight:400\">511<\/td><td style=\"font-family: 'book antigua', palatino, serif; font-size: 0.9em; font-style: italic; line-height: 1.3em; text-align: center; color:black; font-weight:400\">521<\/td><td style=\"font-family: 'book antigua', palatino, serif; font-size: 0.9em; font-style: italic; line-height: 1.3em; text-align: center; color:black; font-weight:400\">514<\/td><\/tr><tr><td style=\"font-family: 'book antigua', palatino, serif; font-size: 0.9em; font-style: italic; line-height: 1.3em; text-align: center; color:black; font-weight:400\">3<\/td><td style=\"font-family: 'book antigua', palatino, serif; font-size: 0.9em; font-style: italic; line-height: 1.3em; text-align: center; color:black; font-weight:400\">1146<\/td><td style=\"font-family: 'book antigua', palatino, serif; font-size: 0.9em; font-style: italic; line-height: 1.3em; text-align: center; color:black; font-weight:400\">1152<\/td><td style=\"font-family: 'book antigua', palatino, serif; font-size: 0.9em; font-style: italic; line-height: 1.3em; text-align: center; color:black; font-weight:400\">1142<\/td><\/tr><tr><td style=\"font-family: 'book antigua', palatino, serif; font-size: 0.9em; font-style: italic; line-height: 1.3em; text-align: center; color:black; font-weight:400\">4<\/td><td style=\"font-family: 'book antigua', palatino, serif; font-size: 0.9em; font-style: italic; line-height: 1.3em; text-align: center; color:black; font-weight:400\">2114<\/td><td style=\"font-family: 'book antigua', palatino, serif; font-size: 0.9em; font-style: italic; line-height: 1.3em; text-align: center; color:black; font-weight:400\">2105<\/td><td style=\"font-family: 'book antigua', palatino, serif; font-size: 0.9em; font-style: italic; line-height: 1.3em; text-align: center; color:black; font-weight:400\">2108<\/td><\/tr><tr><td style=\"font-family: 'book antigua', palatino, serif; font-size: 0.9em; font-style: italic; line-height: 1.3em; text-align: center; color:black; font-weight:400\">5<\/td><td style=\"font-family: 'book antigua', palatino, serif; font-size: 0.9em; font-style: italic; line-height: 1.3em; text-align: center; color:black; font-weight:400\">3115<\/td><td style=\"font-family: 'book antigua', palatino, serif; font-size: 0.9em; font-style: italic; line-height: 1.3em; text-align: center; color:black; font-weight:400\">3159<\/td><td style=\"font-family: 'book antigua', palatino, serif; font-size: 0.9em; font-style: italic; line-height: 1.3em; text-align: center; color:black; font-weight:400\">3144<\/td><\/tr><tr><td style=\"font-family: 'book antigua', palatino, serif; font-size: 0.9em; font-style: italic; line-height: 1.3em; text-align: center; color:black; font-weight:400\">6<\/td><td style=\"font-family: 'book antigua', palatino, serif; font-size: 0.9em; font-style: italic; line-height: 1.3em; text-align: center; color:black; font-weight:400\">4369<\/td><td style=\"font-family: 'book antigua', palatino, serif; font-size: 0.9em; font-style: italic; line-height: 1.3em; text-align: center; color:black; font-weight:400\">4369<\/td><td style=\"font-family: 'book antigua', palatino, serif; font-size: 0.9em; font-style: italic; line-height: 1.3em; text-align: center; color:black; font-weight:400\">4381<\/td><\/tr><\/tbody><\/table><\/figure>\n\n\n\n<figure class=\"wp-block-table\"><table><tbody><tr bgcolor=\"#c41230\"><td style=\"font-family: 'book antigua', palatino, serif; font-size: 0.9em; font-style: normal; line-height: 1.3em; text-align: center; color:white; font-weight:400\">Peso vivo acumulado semanal<\/td><td style=\"font-family: 'book antigua', palatino, serif; font-size: 0.9em; font-style: normal; line-height: 1.3em; text-align: center; color:white; font-weight:400\">Control<\/td><td style=\"font-family: 'book antigua', palatino, serif; font-size: 0.9em; font-style: normal; line-height: 1.3em; text-align: center; color:white; font-weight:400\">-3%AA<\/td><td style=\"font-family: 'book antigua', palatino, serif; font-size: 0.9em; font-style: normal; line-height: 1.3em; text-align: center; color:white; font-weight:400\">VTPro 100 ppm<\/td><\/tr><tr><td style=\"font-family: 'book antigua', palatino, serif; font-size: 0.9em; font-style: italic; line-height: 1.3em; text-align: center; color:black; font-weight:400\">1<\/td><td style=\"font-family: 'book antigua', palatino, serif; font-size: 0.9em; font-style: italic; line-height: 1.3em; text-align: center; color:black; font-weight:400\">0,857<\/td><td style=\"font-family: 'book antigua', palatino, serif; font-size: 0.9em; font-style: italic; line-height: 1.3em; text-align: center; color:black; font-weight:400\">0,933<\/td><td style=\"font-family: 'book antigua', palatino, serif; font-size: 0.9em; font-style: italic; line-height: 1.3em; text-align: center; color:black; font-weight:400\">0,867<\/td><\/tr><tr><td style=\"font-family: 'book antigua', palatino, serif; font-size: 0.9em; font-style: italic; line-height: 1.3em; text-align: center; color:black; font-weight:400\">2<\/td><td style=\"font-family: 'book antigua', palatino, serif; font-size: 0.9em; font-style: italic; line-height: 1.3em; text-align: center; color:black; font-weight:400\">1,205<\/td><td style=\"font-family: 'book antigua', palatino, serif; font-size: 0.9em; font-style: italic; line-height: 1.3em; text-align: center; color:black; font-weight:400\">1,290<\/td><td style=\"font-family: 'book antigua', palatino, serif; font-size: 0.9em; font-style: italic; line-height: 1.3em; text-align: center; color:black; font-weight:400\">1,193<\/td><\/tr><tr><td style=\"font-family: 'book antigua', palatino, serif; font-size: 0.9em; font-style: italic; line-height: 1.3em; text-align: center; color:black; font-weight:400\">3<\/td><td style=\"font-family: 'book antigua', palatino, serif; font-size: 0.9em; font-style: italic; line-height: 1.3em; text-align: center; color:black; font-weight:400\">1,273<\/td><td style=\"font-family: 'book antigua', palatino, serif; font-size: 0.9em; font-style: italic; line-height: 1.3em; text-align: center; color:black; font-weight:400\">1,340<\/td><td style=\"font-family: 'book antigua', palatino, serif; font-size: 0.9em; font-style: italic; line-height: 1.3em; text-align: center; color:black; font-weight:400\">1,258<\/td><\/tr><tr><td style=\"font-family: 'book antigua', palatino, serif; font-size: 0.9em; font-style: italic; line-height: 1.3em; text-align: center; color:black; font-weight:400\">4<\/td><td style=\"font-family: 'book antigua', palatino, serif; font-size: 0.9em; font-style: italic; line-height: 1.3em; text-align: center; color:black; font-weight:400\">1,386<\/td><td style=\"font-family: 'book antigua', palatino, serif; font-size: 0.9em; font-style: italic; line-height: 1.3em; text-align: center; color:black; font-weight:400\">1,439<\/td><td style=\"font-family: 'book antigua', palatino, serif; font-size: 0.9em; font-style: italic; line-height: 1.3em; text-align: center; color:black; font-weight:400\">1,393<\/td><\/tr><tr><td style=\"font-family: 'book antigua', palatino, serif; font-size: 0.9em; font-style: italic; line-height: 1.3em; text-align: center; color:black; font-weight:400\">5<\/td><td style=\"font-family: 'book antigua', palatino, serif; font-size: 0.9em; font-style: italic; line-height: 1.3em; text-align: center; color:black; font-weight:400\">1,426<\/td><td style=\"font-family: 'book antigua', palatino, serif; font-size: 0.9em; font-style: italic; line-height: 1.3em; text-align: center; color:black; font-weight:400\">1,536<\/td><td style=\"font-family: 'book antigua', palatino, serif; font-size: 0.9em; font-style: italic; line-height: 1.3em; text-align: center; color:black; font-weight:400\">1,432<\/td><\/tr><tr><td style=\"font-family: 'book antigua', palatino, serif; font-size: 0.9em; font-style: italic; line-height: 1.3em; text-align: center; color:black; font-weight:400\">6<\/td><td style=\"font-family: 'book antigua', palatino, serif; font-size: 0.9em; font-style: italic; line-height: 1.3em; text-align: center; color:black; font-weight:400\">1,574<\/td><td style=\"font-family: 'book antigua', palatino, serif; font-size: 0.9em; font-style: italic; line-height: 1.3em; text-align: center; color:black; font-weight:400\">1,567<\/td><td style=\"font-family: 'book antigua', palatino, serif; font-size: 0.9em; font-style: italic; line-height: 1.3em; text-align: center; color:black; font-weight:400\">1,661<\/td><\/tr><\/tbody><\/table><\/figure>\n","protected":false},"excerpt":{"rendered":"<p>Descripci\u00f3n VTPro X-3001 es una proteasa concentrada, granulada y termoestable, producida por combinaci\u00f3n de tecnolog\u00edas de fermentaci\u00f3n sumergida y de estado s\u00f3lido con Aspergillus niger. Su aplicaci\u00f3n a las dietas&#8230; <\/p>\n","protected":false},"author":1,"featured_media":0,"parent":0,"menu_order":0,"comment_status":"closed","ping_status":"closed","template":"","meta":{"footnotes":""},"class_list":["post-1706","page","type-page","status-publish","hentry"],"_links":{"self":[{"href":"https:\/\/tekzol.net\/index.php\/wp-json\/wp\/v2\/pages\/1706","targetHints":{"allow":["GET"]}}],"collection":[{"href":"https:\/\/tekzol.net\/index.php\/wp-json\/wp\/v2\/pages"}],"about":[{"href":"https:\/\/tekzol.net\/index.php\/wp-json\/wp\/v2\/types\/page"}],"author":[{"embeddable":true,"href":"https:\/\/tekzol.net\/index.php\/wp-json\/wp\/v2\/users\/1"}],"replies":[{"embeddable":true,"href":"https:\/\/tekzol.net\/index.php\/wp-json\/wp\/v2\/comments?post=1706"}],"version-history":[{"count":64,"href":"https:\/\/tekzol.net\/index.php\/wp-json\/wp\/v2\/pages\/1706\/revisions"}],"predecessor-version":[{"id":1786,"href":"https:\/\/tekzol.net\/index.php\/wp-json\/wp\/v2\/pages\/1706\/revisions\/1786"}],"wp:attachment":[{"href":"https:\/\/tekzol.net\/index.php\/wp-json\/wp\/v2\/media?parent=1706"}],"curies":[{"name":"wp","href":"https:\/\/api.w.org\/{rel}","templated":true}]}}