{"id":148,"date":"2015-09-25T18:59:27","date_gmt":"2015-09-25T18:59:27","guid":{"rendered":"http:\/\/thegraphichub.com\/tekzol_wp\/?page_id=148"},"modified":"2019-04-02T19:11:26","modified_gmt":"2019-04-02T19:11:26","slug":"tekzol","status":"publish","type":"page","link":"https:\/\/tekzol.net\/","title":{"rendered":"Nosotros"},"content":{"rendered":"<p id=\"default\">La producci\u00f3n pecuaria est\u00e1 entrando en una nueva era. Este nuevo ciclo exigir\u00e1 una mayor tecnicidad, eficiencia, una mayor apuesta por lo natural y un menor uso de aditivos qu\u00edmicos. El desaf\u00edo es claro: hacer lo mejor, con menos.<\/p>\n<p id=\"default\"> Somos una compa\u00f1\u00eda joven, fundada y dirigida por profesionales zootecnistas y m\u00e9dicos veterinarios, especialistas en el campo de la producci\u00f3n animal, conocedores de los requerimientos nutricionales de los animales en los que el prop\u00f3sito es la producci\u00f3n de prote\u00ednas de origen animal para consumo humano.<\/p>\n","protected":false},"excerpt":{"rendered":"<p>La producci\u00f3n pecuaria est\u00e1 entrando en una nueva era. Este nuevo ciclo exigir\u00e1 una mayor tecnicidad, eficiencia, una mayor apuesta por lo natural y un menor uso de aditivos qu\u00edmicos&#8230;. <\/p>\n","protected":false},"author":1,"featured_media":999,"parent":0,"menu_order":0,"comment_status":"closed","ping_status":"closed","template":"","meta":{"footnotes":""},"class_list":["post-148","page","type-page","status-publish","has-post-thumbnail","hentry"],"_links":{"self":[{"href":"https:\/\/tekzol.net\/index.php\/wp-json\/wp\/v2\/pages\/148","targetHints":{"allow":["GET"]}}],"collection":[{"href":"https:\/\/tekzol.net\/index.php\/wp-json\/wp\/v2\/pages"}],"about":[{"href":"https:\/\/tekzol.net\/index.php\/wp-json\/wp\/v2\/types\/page"}],"author":[{"embeddable":true,"href":"https:\/\/tekzol.net\/index.php\/wp-json\/wp\/v2\/users\/1"}],"replies":[{"embeddable":true,"href":"https:\/\/tekzol.net\/index.php\/wp-json\/wp\/v2\/comments?post=148"}],"version-history":[{"count":34,"href":"https:\/\/tekzol.net\/index.php\/wp-json\/wp\/v2\/pages\/148\/revisions"}],"predecessor-version":[{"id":1253,"href":"https:\/\/tekzol.net\/index.php\/wp-json\/wp\/v2\/pages\/148\/revisions\/1253"}],"wp:featuredmedia":[{"embeddable":true,"href":"https:\/\/tekzol.net\/index.php\/wp-json\/wp\/v2\/media\/999"}],"wp:attachment":[{"href":"https:\/\/tekzol.net\/index.php\/wp-json\/wp\/v2\/media?parent=148"}],"curies":[{"name":"wp","href":"https:\/\/api.w.org\/{rel}","templated":true}]}}