{"id":1144,"date":"2019-04-09T19:12:32","date_gmt":"2019-04-09T19:12:32","guid":{"rendered":"http:\/\/tekzol.net\/?page_id=1144"},"modified":"2019-08-02T21:08:32","modified_gmt":"2019-08-02T21:08:32","slug":"eventos-tekzol","status":"publish","type":"page","link":"https:\/\/tekzol.net\/index.php\/eventos-tekzol\/","title":{"rendered":"Eventos Tekzol"},"content":{"rendered":"<h2>Conferencia de Calidad del Broiler 2019.<\/h2>\n<p id=\"default\">\nLas Conferencias de Calidad de Alimentos para pollo de engorde este a\u00f1o se celebrar\u00e1n en Bangkok el 21-22 de agosto y en Yakarta el 26-27 de agosto de 2019.<\/p>\n<p id=\"default\">\nLos temas han sido seleccionados cuidadosamente seg\u00fan los comentarios de m\u00e1s de 500 participantes de los eventos de Bangkok y Yakarta del a\u00f1o pasado. Con la cooperaci\u00f3n de cientos de patrocinadores y l\u00edderes en la producci\u00f3n de pollo de engorde de todo el mundo, se ha reunido un selecto grupo de expertos locales e internacionales que  presentar\u00e1n y tambi\u00e9n formar\u00e1n parte de los p\u00e1neles de discusi\u00f3n.<\/p>\n<p id=\"default\">\nSe celebrar\u00e1n cuatro sesiones de conferencias de Calidad sobre la alimentaci\u00f3n de pollos de engorde, entre las cuales se incluir\u00e1 la conferencia  de nuestro director cient\u00edfico <span class=\"resaltado\">DMV Juan Antonio Javierre,<\/span> sobre el <span class=\"resaltado\">&#8220;Uso de Glic\u00e9ridos de \u00e1cido but\u00edrico como potencial sustituto de los promotores de crecimiento&#8221;<\/span><\/p>\n<p id=\"default\">\nJuan Antonio Javierre es Doctor en Medicina Veterinaria, graduado de las Universidades de Madrid, Espa\u00f1a, y Phoenix, Estados Unidos de Am\u00e9rica.<\/p>\n<p id=\"default\">\nTrabaj\u00f3 en Lucta por 30 a\u00f1os como investigador, Gerente de Marketing, y Gerente de Marketing T\u00e9cnico en Europa, Sudeste As\u00edatico, China y Am\u00e9rica Latina, en roles de ventas y apoyo t\u00e9cnico a clientes.<\/p>\n<p id=\"default\">\nDesde 2013, es el <span class=\"resaltado\">Director de Investigaci\u00f3n y Desarrollo de Tekzol SAS<\/span> en Colombia; gestiona las unidades de experimentaci\u00f3n y poporciona apoyo t\u00e9cnico a los clientes y socios de Tekzol en \u00e1reas y regiones clave.<\/p>\n<h2>Conferencia en la Universidad del Tolima sobre el Uso de lipasa en alimentaci\u00f3n de Broilers.<\/h2>\n<p><a href=\"http:\/\/tekzol.net\/wp-content\/uploads\/2019\/05\/evento.jpg\"><img loading=\"lazy\" decoding=\"async\" class=\"wp-image-1232  alignleft\" src=\"http:\/\/tekzol.net\/wp-content\/uploads\/2019\/05\/evento-300x300.jpg\" alt=\"\" width=\"172\" height=\"172\" srcset=\"https:\/\/tekzol.net\/wp-content\/uploads\/2019\/05\/evento-300x300.jpg 300w, https:\/\/tekzol.net\/wp-content\/uploads\/2019\/05\/evento-150x150.jpg 150w, https:\/\/tekzol.net\/wp-content\/uploads\/2019\/05\/evento-768x768.jpg 768w, https:\/\/tekzol.net\/wp-content\/uploads\/2019\/05\/evento.jpg 800w\" sizes=\"auto, (max-width: 172px) 100vw, 172px\" \/><\/a><a href=\"http:\/\/tekzol.net\/wp-content\/uploads\/2019\/05\/publico.jpg\"><img loading=\"lazy\" decoding=\"async\" class=\"wp-image-1230  alignleft\" src=\"http:\/\/tekzol.net\/wp-content\/uploads\/2019\/05\/publico-300x300.jpg\" alt=\"\" width=\"171\" height=\"170\" srcset=\"https:\/\/tekzol.net\/wp-content\/uploads\/2019\/05\/publico-300x300.jpg 300w, https:\/\/tekzol.net\/wp-content\/uploads\/2019\/05\/publico-150x150.jpg 150w, https:\/\/tekzol.net\/wp-content\/uploads\/2019\/05\/publico-768x768.jpg 768w, https:\/\/tekzol.net\/wp-content\/uploads\/2019\/05\/publico-1024x1024.jpg 1024w, https:\/\/tekzol.net\/wp-content\/uploads\/2019\/05\/publico.jpg 1386w\" sizes=\"auto, (max-width: 171px) 100vw, 171px\" \/><\/a><a href=\"http:\/\/tekzol.net\/wp-content\/uploads\/2019\/05\/javierre.jpg\"><img loading=\"lazy\" decoding=\"async\" class=\"wp-image-1233  alignleft\" src=\"http:\/\/tekzol.net\/wp-content\/uploads\/2019\/05\/javierre-300x300.jpg\" alt=\"\" width=\"174\" height=\"174\" srcset=\"https:\/\/tekzol.net\/wp-content\/uploads\/2019\/05\/javierre-300x300.jpg 300w, https:\/\/tekzol.net\/wp-content\/uploads\/2019\/05\/javierre-150x150.jpg 150w, https:\/\/tekzol.net\/wp-content\/uploads\/2019\/05\/javierre-768x768.jpg 768w, https:\/\/tekzol.net\/wp-content\/uploads\/2019\/05\/javierre.jpg 800w\" sizes=\"auto, (max-width: 174px) 100vw, 174px\" \/><\/a><\/p>\n<p>Durante la jornada acad\u00e9mica y cultural de la <span class=\"resaltado\">Universidad del Tolima<\/span> y espec\u00edficamente en el marco de la celebraci\u00f3n del d\u00eda del <span class=\"resaltado\">M\u00e9dico Veterinario<\/span>, el pasado 9 de mayo en el <span class=\"resaltado\">Auditorio Mayor de la M\u00fasica<\/span>, nuestro director cient\u00edfico, <span class=\"resaltado\">DMV. Juan Antonio Javierre<\/span> dio una conferencia acerca del \u201cUso y resultados de Lipasa en pollo de engorde\u201d, evento que cont\u00f3 al menos con 200 asistentes entre estudiantes y cuerpo docente de esta reconocida Universidad colombiana.<\/p>\n<p id=\"default\">\n<h2>La Universidad de Ciencias Aplicadas y Ambientales U.D.C.A. y Tekzol firman convenio de investigaci\u00f3n.<\/h2>\n<p><a href=\"http:\/\/tekzol.net\/wp-content\/uploads\/2019\/04\/convenio_udca.jpg\"><img loading=\"lazy\" decoding=\"async\" class=\" wp-image-1158 alignleft\" src=\"http:\/\/tekzol.net\/wp-content\/uploads\/2019\/04\/convenio_udca-300x290.jpg\" alt=\"\" width=\"244\" height=\"233\"><\/a><\/p>\n<p>La U.D.C.A.&nbsp; es&nbsp;una&nbsp;universidad privada con sede en Bogot\u00e1, capital de Colombia&nbsp;en la que la Investigaci\u00f3n est\u00e1 orientada hacia la formaci\u00f3n de los estudiantes y al desarrollo del conocimiento,&nbsp;en&nbsp;ciencia y tecnolog\u00eda; mediante el&nbsp;avance de las ciencias aplicadas y ambientales, desde un abordaje interdisciplinario, y en ese sentido, su facultad de Ciencias Agropecuarias, firma un acuerdo de investigaci\u00f3n con TEKZOL, para promover el cumplimiento de las metas trazadas, cuyo prop\u00f3sito inicial es el desarrollo de trabajos de investigaci\u00f3n en acuicultura, con miras a avanzar en ese mismo sentido, con otras especies animales dom\u00e9sticas.<\/p>\n<p id=\"default\">Para TEKZOL es de gran importancia la vinculaci\u00f3n universidad-empresa,&nbsp; desde dos enfoques relevantes, primero, \u201cla importancia de la vinculaci\u00f3n de las Instituciones de Educaci\u00f3n Superior con la empresa privada y el sector productivo\u201d y segundo, \u201cla importancia de promover la ciencia, la tecnolog\u00eda y la innovaci\u00f3n\u201d.<\/p>\n<p id=\"default\">Siguiendo esta l\u00ednea, y en aras de procurar un sistema educativo innovador que promueva la competitividad e impacte en el desarrollo econ\u00f3mico del pa\u00eds, TEKZOL &nbsp;ha gestionado tres convenios de investigaci\u00f3n con las Universidades del Tolima,&nbsp;la Cooperativa de Colombia sede Ibagu\u00e9 y en esta ocasi\u00f3n con la Universidad de Ciencias Aplicadas y Ambientales sede Bogot\u00e1. En cada uno de ellos, ha implementado una serie de acciones para apoyar la investigaci\u00f3n y formaci\u00f3n de futuros profesionales que se desempe\u00f1ar\u00e1n en el sector productivo agropecuario nacional.<\/p>\n<p><span class=\"resaltado\">En la fotograf\u00eda de derecha a izquierda:<\/span><\/p>\n<p id=\"default\">\n<ol>\n<li><b>Mayra Diaz Vargas:<\/b> Docente de planta en producci\u00f3n y nutrici\u00f3n de monog\u00e1stricos.<\/li>\n<li><b>Sandra Patricia Pineda Ramirez:<\/b> Directora del programa de Zootecnia, Facultad de Ciencias Agropecuarias.<\/li>\n<li><b>German Anzola Montero:<\/b> Rector<\/li>\n<li><b>Teresa Carvajal Salcedo:<\/b> Decana de la facultad de Ciencias Agropecuarias.<\/li>\n<li><b>Alvaro Niebles Morron:<\/b> Gerente de TEKZOL<\/li>\n<\/ol>\n","protected":false},"excerpt":{"rendered":"<p>Conferencia de Calidad del Broiler 2019. Las Conferencias de Calidad de Alimentos para pollo de engorde este a\u00f1o se celebrar\u00e1n en Bangkok el 21-22 de agosto y en Yakarta el&#8230; <\/p>\n","protected":false},"author":1,"featured_media":0,"parent":0,"menu_order":0,"comment_status":"closed","ping_status":"closed","template":"","meta":{"footnotes":""},"class_list":["post-1144","page","type-page","status-publish","hentry"],"_links":{"self":[{"href":"https:\/\/tekzol.net\/index.php\/wp-json\/wp\/v2\/pages\/1144","targetHints":{"allow":["GET"]}}],"collection":[{"href":"https:\/\/tekzol.net\/index.php\/wp-json\/wp\/v2\/pages"}],"about":[{"href":"https:\/\/tekzol.net\/index.php\/wp-json\/wp\/v2\/types\/page"}],"author":[{"embeddable":true,"href":"https:\/\/tekzol.net\/index.php\/wp-json\/wp\/v2\/users\/1"}],"replies":[{"embeddable":true,"href":"https:\/\/tekzol.net\/index.php\/wp-json\/wp\/v2\/comments?post=1144"}],"version-history":[{"count":23,"href":"https:\/\/tekzol.net\/index.php\/wp-json\/wp\/v2\/pages\/1144\/revisions"}],"predecessor-version":[{"id":1246,"href":"https:\/\/tekzol.net\/index.php\/wp-json\/wp\/v2\/pages\/1144\/revisions\/1246"}],"wp:attachment":[{"href":"https:\/\/tekzol.net\/index.php\/wp-json\/wp\/v2\/media?parent=1144"}],"curies":[{"name":"wp","href":"https:\/\/api.w.org\/{rel}","templated":true}]}}